{"id":87,"date":"2019-12-18T08:20:28","date_gmt":"2019-12-18T08:20:28","guid":{"rendered":"https:\/\/jupiterx.artbees.net\/course-3\/?page_id=87"},"modified":"2021-04-19T09:27:46","modified_gmt":"2021-04-19T09:27:46","slug":"blog","status":"publish","type":"page","link":"https:\/\/vsptuj.si\/sl\/za-studente\/blog\/","title":{"rendered":"Blog"},"content":{"rendered":"\t\t<div data-elementor-type=\"wp-page\" data-elementor-id=\"87\" class=\"elementor elementor-87\">\n\t\t\t\t\t\t<section class=\"elementor-section elementor-top-section elementor-element elementor-element-ea7b34f elementor-section-height-min-height elementor-section-items-stretch elementor-section-boxed elementor-section-height-default\" data-id=\"ea7b34f\" data-element_type=\"section\" data-e-type=\"section\" data-settings=\"{&quot;jet_parallax_layout_list&quot;:[{&quot;jet_parallax_layout_image&quot;:{&quot;url&quot;:&quot;&quot;,&quot;id&quot;:&quot;&quot;,&quot;size&quot;:&quot;&quot;},&quot;_id&quot;:&quot;494eb87&quot;,&quot;jet_parallax_layout_speed&quot;:{&quot;unit&quot;:&quot;%&quot;,&quot;size&quot;:&quot;50&quot;,&quot;sizes&quot;:[]},&quot;jet_parallax_layout_bg_x&quot;:&quot;50&quot;,&quot;jet_parallax_layout_bg_y&quot;:&quot;50&quot;,&quot;jet_parallax_layout_image_tablet&quot;:{&quot;url&quot;:&quot;&quot;,&quot;id&quot;:&quot;&quot;,&quot;size&quot;:&quot;&quot;},&quot;jet_parallax_layout_image_mobile&quot;:{&quot;url&quot;:&quot;&quot;,&quot;id&quot;:&quot;&quot;,&quot;size&quot;:&quot;&quot;},&quot;jet_parallax_layout_type&quot;:&quot;scroll&quot;,&quot;jet_parallax_layout_direction&quot;:&quot;1&quot;,&quot;jet_parallax_layout_fx_direction&quot;:null,&quot;jet_parallax_layout_z_index&quot;:&quot;&quot;,&quot;jet_parallax_layout_bg_x_tablet&quot;:&quot;&quot;,&quot;jet_parallax_layout_bg_x_mobile&quot;:&quot;&quot;,&quot;jet_parallax_layout_bg_y_tablet&quot;:&quot;&quot;,&quot;jet_parallax_layout_bg_y_mobile&quot;:&quot;&quot;,&quot;jet_parallax_layout_bg_size&quot;:&quot;auto&quot;,&quot;jet_parallax_layout_bg_size_tablet&quot;:&quot;&quot;,&quot;jet_parallax_layout_bg_size_mobile&quot;:&quot;&quot;,&quot;jet_parallax_layout_animation_prop&quot;:&quot;transform&quot;,&quot;jet_parallax_layout_on&quot;:[&quot;desktop&quot;,&quot;tablet&quot;]}],&quot;background_background&quot;:&quot;classic&quot;}\">\n\t\t\t\t\t\t\t<div class=\"elementor-background-overlay\"><\/div>\n\t\t\t\t\t\t\t<div class=\"elementor-container elementor-column-gap-default\">\n\t\t\t\t\t<div class=\"elementor-column elementor-col-100 elementor-top-column elementor-element elementor-element-6f200a3\" data-id=\"6f200a3\" data-element_type=\"column\" data-e-type=\"column\">\n\t\t\t<div class=\"elementor-widget-wrap elementor-element-populated\">\n\t\t\t\t\t\t<div class=\"elementor-element elementor-element-581507b elementor-align-center elementor-widget elementor-widget-raven-heading\" data-id=\"581507b\" data-element_type=\"widget\" data-e-type=\"widget\" data-settings=\"{&quot;htmega_fe&quot;:&quot;no&quot;}\" data-widget_type=\"raven-heading.default\">\n\t\t\t\t<div class=\"elementor-widget-container\">\n\t\t\t\t\t\t\t<div class=\"raven-widget-wrapper\"><h1 class=\"raven-heading raven-heading-h1\"><span class=\"raven-heading-title \">Blog<\/span><\/h1><\/div>\n\t\t\t\t\t\t<\/div>\n\t\t\t\t<\/div>\n\t\t\t\t<div class=\"elementor-element elementor-element-8bd5497 elementor-align-center elementor-widget elementor-widget-raven-breadcrumbs\" data-id=\"8bd5497\" data-element_type=\"widget\" data-e-type=\"widget\" data-settings=\"{&quot;htmega_fe&quot;:&quot;no&quot;}\" data-widget_type=\"raven-breadcrumbs.default\">\n\t\t\t\t<div class=\"elementor-widget-container\">\n\t\t\t\t\t<div class=\"raven-breadcrumbs raven-breadcrumbs-default\"><p class=\"breadcrumb\">\t\t\t\t<span class=\"breadcrumb-item active\" aria-current=\"page\"><span>Home<\/span><\/span>\n\n\t\t\t\t<\/p><\/div>\t\t\t\t<\/div>\n\t\t\t\t<\/div>\n\t\t\t\t\t<\/div>\n\t\t<\/div>\n\t\t\t\t\t<\/div>\n\t\t<\/section>\n\t\t\t\t<section class=\"elementor-section elementor-top-section elementor-element elementor-element-2b15a90 elementor-section-boxed elementor-section-height-default elementor-section-height-default\" data-id=\"2b15a90\" data-element_type=\"section\" data-e-type=\"section\" data-settings=\"{&quot;jet_parallax_layout_list&quot;:[{&quot;jet_parallax_layout_image&quot;:{&quot;url&quot;:&quot;&quot;,&quot;id&quot;:&quot;&quot;,&quot;size&quot;:&quot;&quot;},&quot;_id&quot;:&quot;62f0142&quot;,&quot;jet_parallax_layout_speed&quot;:{&quot;unit&quot;:&quot;%&quot;,&quot;size&quot;:&quot;50&quot;,&quot;sizes&quot;:[]},&quot;jet_parallax_layout_bg_x&quot;:&quot;50&quot;,&quot;jet_parallax_layout_bg_y&quot;:&quot;50&quot;,&quot;jet_parallax_layout_image_tablet&quot;:{&quot;url&quot;:&quot;&quot;,&quot;id&quot;:&quot;&quot;,&quot;size&quot;:&quot;&quot;},&quot;jet_parallax_layout_image_mobile&quot;:{&quot;url&quot;:&quot;&quot;,&quot;id&quot;:&quot;&quot;,&quot;size&quot;:&quot;&quot;},&quot;jet_parallax_layout_type&quot;:&quot;scroll&quot;,&quot;jet_parallax_layout_direction&quot;:&quot;1&quot;,&quot;jet_parallax_layout_fx_direction&quot;:null,&quot;jet_parallax_layout_z_index&quot;:&quot;&quot;,&quot;jet_parallax_layout_bg_x_tablet&quot;:&quot;&quot;,&quot;jet_parallax_layout_bg_x_mobile&quot;:&quot;&quot;,&quot;jet_parallax_layout_bg_y_tablet&quot;:&quot;&quot;,&quot;jet_parallax_layout_bg_y_mobile&quot;:&quot;&quot;,&quot;jet_parallax_layout_bg_size&quot;:&quot;auto&quot;,&quot;jet_parallax_layout_bg_size_tablet&quot;:&quot;&quot;,&quot;jet_parallax_layout_bg_size_mobile&quot;:&quot;&quot;,&quot;jet_parallax_layout_animation_prop&quot;:&quot;transform&quot;,&quot;jet_parallax_layout_on&quot;:[&quot;desktop&quot;,&quot;tablet&quot;]}]}\">\n\t\t\t\t\t\t<div class=\"elementor-container elementor-column-gap-default\">\n\t\t\t\t\t<div class=\"elementor-column elementor-col-100 elementor-top-column elementor-element elementor-element-9cce61a\" data-id=\"9cce61a\" data-element_type=\"column\" data-e-type=\"column\">\n\t\t\t<div class=\"elementor-widget-wrap elementor-element-populated\">\n\t\t\t\t\t\t<div class=\"elementor-element elementor-element-dc7e884 elementor-widget elementor-widget-raven-posts\" data-id=\"dc7e884\" data-element_type=\"widget\" data-e-type=\"widget\" data-settings=\"{&quot;classic_columns&quot;:&quot;1&quot;,&quot;classic_show_pagination&quot;:&quot;yes&quot;,&quot;classic_pagination_type&quot;:&quot;load_more&quot;,&quot;query_posts_per_page&quot;:&quot;4&quot;,&quot;classic_columns_tablet&quot;:&quot;1&quot;,&quot;_skin&quot;:&quot;classic&quot;,&quot;classic_layout&quot;:&quot;grid&quot;,&quot;classic_columns_mobile&quot;:&quot;1&quot;,&quot;query_offset&quot;:0,&quot;htmega_fe&quot;:&quot;no&quot;}\" data-widget_type=\"raven-posts.classic\">\n\t\t\t\t<div class=\"elementor-widget-container\">\n\t\t\t\t\t\t\t<div class=\"raven-posts raven-grid raven-grid-1 raven-grid-mobile-1 raven-grid-tablet-1\" data-post-id=\"87\" data-archive-query=\"\" data-lang=\"\">\n\t\t\t\t<div class=\"raven-grid-item raven-post-item post-5644 post type-post status-publish format-standard hentry category-uncategorized\">\n\t\t\t<div class=\"raven-post\">\n\t\t\t\t\t\t\t\t<div class=\"raven-post-content\">\n\t\t\t\t\t\t\t<div class=\"raven-post-meta\"><a class=\"raven-post-meta-item raven-post-date\" href=\"https:\/\/vsptuj.si\/sl\/2026\/01\/\" rel=\"bookmark\">28\/01\/2026<\/a>\n<span class=\"raven-post-meta-divider\">|<\/span>\n<a class=\"raven-post-meta-item raven-post-author\" href=\"https:\/\/vsptuj.si\/sl\/author\/tamara\/\">V\u0160P<\/a><\/div>\n\t\t<h3 class=\"raven-post-title\"><a class=\"raven-post-title-link\" href=\"https:\/\/vsptuj.si\/sl\/2026\/01\/28\/karierni-sejem-ptuj-2026\/\">Karierni sejem Ptuj 2026<\/a><\/h3><div class=\"raven-post-excerpt\">DOBRO SLU\u017dBO NAJDE\u0160 TUDI DOMA Na Ptuju je potekal 5. Karierni sejem, kjer se mladi povezujejo z znanjem, prilo\u017enostmi in prihodnjimi poklicnimi potmi. In seveda \u2013 tudi mi smo tam. Na Visoki \u0161oli na Ptuju smo se obiskovalcem predstavili z na\u0161o bioni\u010dno lutko ter iz prve roke odgovorili na vpra\u0161anja: kaj je \u0161tudij bionike v tehniki, kak\u0161na znanja ponuja, in kak\u0161ne prilo\u017enosti odpira v doma\u010dem in \u0161ir\u0161em okolju. Karierni sejem je namenjen osnovno\u0161olcem in srednje\u0161olcem, ki razmi\u0161ljajo o svoji prihodnosti \u2013 mi pa verjamemo, da se ta lahko za\u010dne tukaj, doma, z znanjem, ki je sodobno, interdisciplinarno in povezano z realnimi izzivi gospodarstva. Prihodnost se ne zgodi sama od sebe. Ustvarjamo jo skupaj.<\/div>\t\t\t\t<\/div>\n\t\t\t<\/div>\n\t\t<\/div>\n\t\t\t\t<div class=\"raven-grid-item raven-post-item post-5544 post type-post status-publish format-standard hentry category-uncategorized\">\n\t\t\t<div class=\"raven-post\">\n\t\t\t\t\t\t\t\t<div class=\"raven-post-content\">\n\t\t\t\t\t\t\t<div class=\"raven-post-meta\"><a class=\"raven-post-meta-item raven-post-date\" href=\"https:\/\/vsptuj.si\/sl\/2025\/11\/\" rel=\"bookmark\">19\/11\/2025<\/a>\n<span class=\"raven-post-meta-divider\">|<\/span>\n<a class=\"raven-post-meta-item raven-post-author\" href=\"https:\/\/vsptuj.si\/sl\/author\/tamara\/\">V\u0160P<\/a><\/div>\n\t\t<h3 class=\"raven-post-title\"><a class=\"raven-post-title-link\" href=\"https:\/\/vsptuj.si\/sl\/2025\/11\/19\/glasilo-obcine-starse-visoka-sola-na-ptuju\/\">Glasilo Ob\u010dine Star\u0161e: Visoka \u0161ola na Ptuju<\/a><\/h3><div class=\"raven-post-excerpt\">Objava v Glasilu Ob\u010dine Star\u0161e,&nbsp; marec 2025. Prispevek dr, Janeza Ekarta o \u0161tudiju Bionike v tehniki na Visoki \u0161oli na Ptuju.<\/div>\t\t\t\t<\/div>\n\t\t\t<\/div>\n\t\t<\/div>\n\t\t\t\t<div class=\"raven-grid-item raven-post-item post-5542 post type-post status-publish format-standard hentry category-uncategorized\">\n\t\t\t<div class=\"raven-post\">\n\t\t\t\t\t\t\t\t<div class=\"raven-post-content\">\n\t\t\t\t\t\t\t<div class=\"raven-post-meta\"><a class=\"raven-post-meta-item raven-post-date\" href=\"https:\/\/vsptuj.si\/sl\/2025\/11\/\" rel=\"bookmark\">19\/11\/2025<\/a>\n<span class=\"raven-post-meta-divider\">|<\/span>\n<a class=\"raven-post-meta-item raven-post-author\" href=\"https:\/\/vsptuj.si\/sl\/author\/tamara\/\">V\u0160P<\/a><\/div>\n\t\t<h3 class=\"raven-post-title\"><a class=\"raven-post-title-link\" href=\"https:\/\/vsptuj.si\/sl\/2025\/11\/19\/izjemno-uspesno-sticisce-znanosti-in-gospodarstva-na-mos-2025\/\">Izjemno uspe\u0161no sti\u010di\u0161\u010de znanosti in gospodarstva na MOS 2025<\/a><\/h3><div class=\"raven-post-excerpt\">Ventil, revija za fluidno tehniko, avtomatizacijo in mehatroniko, oktober, 2025. povezava na \u010dlanek<\/div>\t\t\t\t<\/div>\n\t\t\t<\/div>\n\t\t<\/div>\n\t\t\t\t<div class=\"raven-grid-item raven-post-item post-5529 post type-post status-publish format-standard hentry category-uncategorized\">\n\t\t\t<div class=\"raven-post\">\n\t\t\t\t\t\t\t\t<div class=\"raven-post-content\">\n\t\t\t\t\t\t\t<div class=\"raven-post-meta\"><a class=\"raven-post-meta-item raven-post-date\" href=\"https:\/\/vsptuj.si\/sl\/2025\/11\/\" rel=\"bookmark\">19\/11\/2025<\/a>\n<span class=\"raven-post-meta-divider\">|<\/span>\n<a class=\"raven-post-meta-item raven-post-author\" href=\"https:\/\/vsptuj.si\/sl\/author\/tamara\/\">V\u0160P<\/a><\/div>\n\t\t<h3 class=\"raven-post-title\"><a class=\"raven-post-title-link\" href=\"https:\/\/vsptuj.si\/sl\/2025\/11\/19\/donacije-za-razvoj-bionike-na-ptuju\/\">Donacije za razvoj bionike na Ptuju<\/a><\/h3><div class=\"raven-post-excerpt\">Visoka strokovna \u0161ola na Ptuju je prejela ta mesec donacijo s strani Janez \u0160krleca, ki \u017ee vrsto let intenzivno podpira razvoj bionike pri nas. Donacija zajema 7 tehnolo\u0161kih enot in te predstavljajo integracijo razli\u010dnih sistemov kot so: elektronski, opti\u010dni, fotonski, fluidni in mikrofluidni ter drugi sistemi. V to so integrirani tudi razli\u010dni hibridni pogoni in senzorski sistemi. Tehnolo\u0161ke enote se navezujejo na razvoj podpornih sistemov sodobne medicine in zdravstva, ter zajemajo razli\u010dne implantabilne nevrostimulatorje, mikro\u010drpalke, krmilno regulacijske sisteme, senzori\u010dne sisteme, gradnike bionske protetike, eksoskeletov, humanoidnih robotov in drugih naprav. Razvoj je usmerjen tudi na podro\u010dje mo\u017eganskih vmesnikov BCI, tudi na podro\u010dje uporabe memristorjev, razvoja podpornih tehnologij bionskega vida in sluha in drugih naprav. V tehnolo\u0161kih enotah so zajeti prakti\u010dni primeri delovanja sistemov, pri nevrostimulatorjih pa gre za prikaz razvoja le teh v smeri miniaturizacije, multifunkcionalnosti naprav in brez &#8211; baterijskega napajanja. Dolo\u010deni sistemi so namenjeni komunikaciji med samimi sistemi in<\/div>\t\t\t\t<\/div>\n\t\t\t<\/div>\n\t\t<\/div>\n\t\t\t\t<\/div>\n\t\t\t\t<div class=\"raven-load-more\" data-settings=\"{&quot;maxNumPages&quot;:11}\">\n\t\t\t<a class=\"raven-load-more-button\" href=\"#\"><span class=\"raven-post-button-text\">Load More<\/span><\/a>\n\t\t<\/div>\n\t\t\t\t\t\t<\/div>\n\t\t\t\t<\/div>\n\t\t\t\t\t<\/div>\n\t\t<\/div>\n\t\t\t\t\t<\/div>\n\t\t<\/section>\n\t\t\t\t<\/div>\n\t\t","protected":false},"excerpt":{"rendered":"<p>Blog Home 19\/04\/2021 | \u0160pela Kozel Kako skenirati ali slikati okolico s \u0161irokim vidnim kotom Navdih iz narave: o\u010di komarjev Prednosti: Visoka lo\u010dljivost in nizka energija Aplikacije: Robotika, medicinske naprave, avtonomna vozila Obravnavani cilji ZN za trajnostni razvoj: Industrijske inovacije in infrastruktura \u00a0 Umetne sestavljene o\u010di so koristne za robotiko in druge aplikacije, ki zaradi [&hellip;]<\/p>\n","protected":false},"author":2,"featured_media":0,"parent":1155,"menu_order":0,"comment_status":"closed","ping_status":"closed","template":"elementor_header_footer","meta":{"_acf_changed":false,"_eb_attr":"","inline_featured_image":false,"footnotes":""},"class_list":["post-87","page","type-page","status-publish","hentry"],"acf":[],"yoast_head":"<!-- This site is optimized with the Yoast SEO plugin v27.5 - https:\/\/yoast.com\/product\/yoast-seo-wordpress\/ -->\n<title>Blog - Visoka \u0160ola na Ptuju<\/title>\n<meta name=\"robots\" content=\"index, follow, max-snippet:-1, max-image-preview:large, max-video-preview:-1\" \/>\n<link rel=\"canonical\" href=\"https:\/\/vsptuj.si\/sl\/za-studente\/blog\/\" \/>\n<meta property=\"og:locale\" content=\"sl_SI\" \/>\n<meta property=\"og:type\" content=\"article\" \/>\n<meta property=\"og:title\" content=\"Blog - Visoka \u0160ola na Ptuju\" \/>\n<meta property=\"og:description\" content=\"Blog Home 19\/04\/2021 | \u0160pela Kozel Kako skenirati ali slikati okolico s \u0161irokim vidnim kotom Navdih iz narave: o\u010di komarjev Prednosti: Visoka lo\u010dljivost in nizka energija Aplikacije: Robotika, medicinske naprave, avtonomna vozila Obravnavani cilji ZN za trajnostni razvoj: Industrijske inovacije in infrastruktura \u00a0 Umetne sestavljene o\u010di so koristne za robotiko in druge aplikacije, ki zaradi [&hellip;]\" \/>\n<meta property=\"og:url\" content=\"https:\/\/vsptuj.si\/sl\/za-studente\/blog\/\" \/>\n<meta property=\"og:site_name\" content=\"Visoka \u0160ola na Ptuju\" \/>\n<meta property=\"article:modified_time\" content=\"2021-04-19T09:27:46+00:00\" \/>\n<meta property=\"og:image\" content=\"https:\/\/vsptuj.si\/wp-content\/uploads\/2021\/03\/sebastian-scholz-nuki-IJkSskfEqrM-unsplash-2-scaled.jpg\" \/>\n<meta name=\"twitter:card\" content=\"summary_large_image\" \/>\n<meta name=\"twitter:label1\" content=\"Est. reading time\" \/>\n\t<meta name=\"twitter:data1\" content=\"3 minute\" \/>\n<script type=\"application\/ld+json\" class=\"yoast-schema-graph\">{\"@context\":\"https:\\\/\\\/schema.org\",\"@graph\":[{\"@type\":\"WebPage\",\"@id\":\"https:\\\/\\\/vsptuj.si\\\/za-studente\\\/blog\\\/\",\"url\":\"https:\\\/\\\/vsptuj.si\\\/za-studente\\\/blog\\\/\",\"name\":\"Blog - Visoka \u0160ola na Ptuju\",\"isPartOf\":{\"@id\":\"https:\\\/\\\/vsptuj.si\\\/#website\"},\"primaryImageOfPage\":{\"@id\":\"https:\\\/\\\/vsptuj.si\\\/za-studente\\\/blog\\\/#primaryimage\"},\"image\":{\"@id\":\"https:\\\/\\\/vsptuj.si\\\/za-studente\\\/blog\\\/#primaryimage\"},\"thumbnailUrl\":\"https:\\\/\\\/vsptuj.si\\\/wp-content\\\/uploads\\\/2021\\\/03\\\/sebastian-scholz-nuki-IJkSskfEqrM-unsplash-2-scaled.jpg\",\"datePublished\":\"2019-12-18T08:20:28+00:00\",\"dateModified\":\"2021-04-19T09:27:46+00:00\",\"breadcrumb\":{\"@id\":\"https:\\\/\\\/vsptuj.si\\\/za-studente\\\/blog\\\/#breadcrumb\"},\"inLanguage\":\"sl-SI\",\"potentialAction\":[{\"@type\":\"ReadAction\",\"target\":[\"https:\\\/\\\/vsptuj.si\\\/za-studente\\\/blog\\\/\"]}]},{\"@type\":\"ImageObject\",\"inLanguage\":\"sl-SI\",\"@id\":\"https:\\\/\\\/vsptuj.si\\\/za-studente\\\/blog\\\/#primaryimage\",\"url\":\"https:\\\/\\\/vsptuj.si\\\/wp-content\\\/uploads\\\/2021\\\/03\\\/sebastian-scholz-nuki-IJkSskfEqrM-unsplash-2-scaled.jpg\",\"contentUrl\":\"https:\\\/\\\/vsptuj.si\\\/wp-content\\\/uploads\\\/2021\\\/03\\\/sebastian-scholz-nuki-IJkSskfEqrM-unsplash-2-scaled.jpg\"},{\"@type\":\"BreadcrumbList\",\"@id\":\"https:\\\/\\\/vsptuj.si\\\/za-studente\\\/blog\\\/#breadcrumb\",\"itemListElement\":[{\"@type\":\"ListItem\",\"position\":1,\"name\":\"Home\",\"item\":\"https:\\\/\\\/vsptuj.si\\\/\"},{\"@type\":\"ListItem\",\"position\":2,\"name\":\"Za \u0161tudente\",\"item\":\"https:\\\/\\\/vsptuj.si\\\/za-studente\\\/\"},{\"@type\":\"ListItem\",\"position\":3,\"name\":\"Blog\"}]},{\"@type\":\"WebSite\",\"@id\":\"https:\\\/\\\/vsptuj.si\\\/#website\",\"url\":\"https:\\\/\\\/vsptuj.si\\\/\",\"name\":\"Visoka \u0160ola na Ptuju\",\"description\":\"Bionika v tehniki\",\"potentialAction\":[{\"@type\":\"SearchAction\",\"target\":{\"@type\":\"EntryPoint\",\"urlTemplate\":\"https:\\\/\\\/vsptuj.si\\\/?s={search_term_string}\"},\"query-input\":{\"@type\":\"PropertyValueSpecification\",\"valueRequired\":true,\"valueName\":\"search_term_string\"}}],\"inLanguage\":\"sl-SI\"}]}<\/script>\n<!-- \/ Yoast SEO plugin. -->","yoast_head_json":{"title":"Blog - Visoka \u0160ola na Ptuju","robots":{"index":"index","follow":"follow","max-snippet":"max-snippet:-1","max-image-preview":"max-image-preview:large","max-video-preview":"max-video-preview:-1"},"canonical":"https:\/\/vsptuj.si\/sl\/za-studente\/blog\/","og_locale":"sl_SI","og_type":"article","og_title":"Blog - Visoka \u0160ola na Ptuju","og_description":"Blog Home 19\/04\/2021 | \u0160pela Kozel Kako skenirati ali slikati okolico s \u0161irokim vidnim kotom Navdih iz narave: o\u010di komarjev Prednosti: Visoka lo\u010dljivost in nizka energija Aplikacije: Robotika, medicinske naprave, avtonomna vozila Obravnavani cilji ZN za trajnostni razvoj: Industrijske inovacije in infrastruktura \u00a0 Umetne sestavljene o\u010di so koristne za robotiko in druge aplikacije, ki zaradi [&hellip;]","og_url":"https:\/\/vsptuj.si\/sl\/za-studente\/blog\/","og_site_name":"Visoka \u0160ola na Ptuju","article_modified_time":"2021-04-19T09:27:46+00:00","og_image":[{"url":"https:\/\/vsptuj.si\/wp-content\/uploads\/2021\/03\/sebastian-scholz-nuki-IJkSskfEqrM-unsplash-2-scaled.jpg","type":"","width":"","height":""}],"twitter_card":"summary_large_image","twitter_misc":{"Est. reading time":"3 minute"},"schema":{"@context":"https:\/\/schema.org","@graph":[{"@type":"WebPage","@id":"https:\/\/vsptuj.si\/za-studente\/blog\/","url":"https:\/\/vsptuj.si\/za-studente\/blog\/","name":"Blog - Visoka \u0160ola na Ptuju","isPartOf":{"@id":"https:\/\/vsptuj.si\/#website"},"primaryImageOfPage":{"@id":"https:\/\/vsptuj.si\/za-studente\/blog\/#primaryimage"},"image":{"@id":"https:\/\/vsptuj.si\/za-studente\/blog\/#primaryimage"},"thumbnailUrl":"https:\/\/vsptuj.si\/wp-content\/uploads\/2021\/03\/sebastian-scholz-nuki-IJkSskfEqrM-unsplash-2-scaled.jpg","datePublished":"2019-12-18T08:20:28+00:00","dateModified":"2021-04-19T09:27:46+00:00","breadcrumb":{"@id":"https:\/\/vsptuj.si\/za-studente\/blog\/#breadcrumb"},"inLanguage":"sl-SI","potentialAction":[{"@type":"ReadAction","target":["https:\/\/vsptuj.si\/za-studente\/blog\/"]}]},{"@type":"ImageObject","inLanguage":"sl-SI","@id":"https:\/\/vsptuj.si\/za-studente\/blog\/#primaryimage","url":"https:\/\/vsptuj.si\/wp-content\/uploads\/2021\/03\/sebastian-scholz-nuki-IJkSskfEqrM-unsplash-2-scaled.jpg","contentUrl":"https:\/\/vsptuj.si\/wp-content\/uploads\/2021\/03\/sebastian-scholz-nuki-IJkSskfEqrM-unsplash-2-scaled.jpg"},{"@type":"BreadcrumbList","@id":"https:\/\/vsptuj.si\/za-studente\/blog\/#breadcrumb","itemListElement":[{"@type":"ListItem","position":1,"name":"Home","item":"https:\/\/vsptuj.si\/"},{"@type":"ListItem","position":2,"name":"Za \u0161tudente","item":"https:\/\/vsptuj.si\/za-studente\/"},{"@type":"ListItem","position":3,"name":"Blog"}]},{"@type":"WebSite","@id":"https:\/\/vsptuj.si\/#website","url":"https:\/\/vsptuj.si\/","name":"Visoka \u0160ola na Ptuju","description":"Bionika v tehniki","potentialAction":[{"@type":"SearchAction","target":{"@type":"EntryPoint","urlTemplate":"https:\/\/vsptuj.si\/?s={search_term_string}"},"query-input":{"@type":"PropertyValueSpecification","valueRequired":true,"valueName":"search_term_string"}}],"inLanguage":"sl-SI"}]}},"_links":{"self":[{"href":"https:\/\/vsptuj.si\/sl\/wp-json\/wp\/v2\/pages\/87","targetHints":{"allow":["GET"]}}],"collection":[{"href":"https:\/\/vsptuj.si\/sl\/wp-json\/wp\/v2\/pages"}],"about":[{"href":"https:\/\/vsptuj.si\/sl\/wp-json\/wp\/v2\/types\/page"}],"author":[{"embeddable":true,"href":"https:\/\/vsptuj.si\/sl\/wp-json\/wp\/v2\/users\/2"}],"replies":[{"embeddable":true,"href":"https:\/\/vsptuj.si\/sl\/wp-json\/wp\/v2\/comments?post=87"}],"version-history":[{"count":28,"href":"https:\/\/vsptuj.si\/sl\/wp-json\/wp\/v2\/pages\/87\/revisions"}],"predecessor-version":[{"id":2767,"href":"https:\/\/vsptuj.si\/sl\/wp-json\/wp\/v2\/pages\/87\/revisions\/2767"}],"up":[{"embeddable":true,"href":"https:\/\/vsptuj.si\/sl\/wp-json\/wp\/v2\/pages\/1155"}],"wp:attachment":[{"href":"https:\/\/vsptuj.si\/sl\/wp-json\/wp\/v2\/media?parent=87"}],"curies":[{"name":"wp","href":"https:\/\/api.w.org\/{rel}","templated":true}]}}