{"id":2404,"date":"2021-03-31T23:24:00","date_gmt":"2021-03-31T23:24:00","guid":{"rendered":"https:\/\/vsptuj.si\/?page_id=2404"},"modified":"2023-11-29T14:22:35","modified_gmt":"2023-11-29T12:22:35","slug":"partnerji-vsp","status":"publish","type":"page","link":"https:\/\/vsptuj.si\/sl\/vs-ptuj\/partnerji-vsp\/","title":{"rendered":"Partnerji"},"content":{"rendered":"\t\t<div data-elementor-type=\"wp-page\" data-elementor-id=\"2404\" class=\"elementor elementor-2404\">\n\t\t\t\t\t\t<section class=\"elementor-section elementor-top-section elementor-element elementor-element-b85e35e elementor-section-height-min-height elementor-section-items-stretch elementor-section-boxed elementor-section-height-default\" data-id=\"b85e35e\" data-element_type=\"section\" data-e-type=\"section\" data-settings=\"{&quot;jet_parallax_layout_list&quot;:[{&quot;jet_parallax_layout_image&quot;:{&quot;url&quot;:&quot;&quot;,&quot;id&quot;:&quot;&quot;,&quot;size&quot;:&quot;&quot;},&quot;_id&quot;:&quot;494eb87&quot;,&quot;jet_parallax_layout_speed&quot;:{&quot;unit&quot;:&quot;%&quot;,&quot;size&quot;:&quot;50&quot;,&quot;sizes&quot;:[]},&quot;jet_parallax_layout_bg_x&quot;:&quot;50&quot;,&quot;jet_parallax_layout_bg_y&quot;:&quot;50&quot;,&quot;jet_parallax_layout_image_tablet&quot;:{&quot;url&quot;:&quot;&quot;,&quot;id&quot;:&quot;&quot;,&quot;size&quot;:&quot;&quot;},&quot;jet_parallax_layout_image_mobile&quot;:{&quot;url&quot;:&quot;&quot;,&quot;id&quot;:&quot;&quot;,&quot;size&quot;:&quot;&quot;},&quot;jet_parallax_layout_type&quot;:&quot;scroll&quot;,&quot;jet_parallax_layout_direction&quot;:&quot;1&quot;,&quot;jet_parallax_layout_fx_direction&quot;:null,&quot;jet_parallax_layout_z_index&quot;:&quot;&quot;,&quot;jet_parallax_layout_bg_x_tablet&quot;:&quot;&quot;,&quot;jet_parallax_layout_bg_x_mobile&quot;:&quot;&quot;,&quot;jet_parallax_layout_bg_y_tablet&quot;:&quot;&quot;,&quot;jet_parallax_layout_bg_y_mobile&quot;:&quot;&quot;,&quot;jet_parallax_layout_bg_size&quot;:&quot;auto&quot;,&quot;jet_parallax_layout_bg_size_tablet&quot;:&quot;&quot;,&quot;jet_parallax_layout_bg_size_mobile&quot;:&quot;&quot;,&quot;jet_parallax_layout_animation_prop&quot;:&quot;transform&quot;,&quot;jet_parallax_layout_on&quot;:[&quot;desktop&quot;,&quot;tablet&quot;]}],&quot;background_background&quot;:&quot;classic&quot;}\">\n\t\t\t\t\t\t\t<div class=\"elementor-background-overlay\"><\/div>\n\t\t\t\t\t\t\t<div class=\"elementor-container elementor-column-gap-default\">\n\t\t\t\t\t<div class=\"elementor-column elementor-col-100 elementor-top-column elementor-element elementor-element-105720e\" data-id=\"105720e\" data-element_type=\"column\" data-e-type=\"column\">\n\t\t\t<div class=\"elementor-widget-wrap elementor-element-populated\">\n\t\t\t\t\t\t<div class=\"elementor-element elementor-element-4363580 elementor-align-center elementor-widget elementor-widget-raven-heading\" data-id=\"4363580\" data-element_type=\"widget\" data-e-type=\"widget\" data-settings=\"{&quot;htmega_fe&quot;:&quot;no&quot;}\" data-widget_type=\"raven-heading.default\">\n\t\t\t\t<div class=\"elementor-widget-container\">\n\t\t\t\t\t\t\t<div class=\"raven-widget-wrapper\"><h1 class=\"raven-heading raven-heading-h1\"><span class=\"raven-heading-title \">Partnerji<\/span><\/h1><\/div>\n\t\t\t\t\t\t<\/div>\n\t\t\t\t<\/div>\n\t\t\t\t<div class=\"elementor-element elementor-element-3afd13a elementor-align-center elementor-widget elementor-widget-raven-breadcrumbs\" data-id=\"3afd13a\" data-element_type=\"widget\" data-e-type=\"widget\" data-settings=\"{&quot;htmega_fe&quot;:&quot;no&quot;}\" data-widget_type=\"raven-breadcrumbs.default\">\n\t\t\t\t<div class=\"elementor-widget-container\">\n\t\t\t\t\t<div class=\"raven-breadcrumbs raven-breadcrumbs-default\"><p class=\"breadcrumb\">\t\t\t\t<span class=\"breadcrumb-item active\" aria-current=\"page\"><span>Home<\/span><\/span>\n\n\t\t\t\t<\/p><\/div>\t\t\t\t<\/div>\n\t\t\t\t<\/div>\n\t\t\t\t\t<\/div>\n\t\t<\/div>\n\t\t\t\t\t<\/div>\n\t\t<\/section>\n\t\t\t\t<section class=\"elementor-section elementor-top-section elementor-element elementor-element-a56ce08 elementor-section-boxed elementor-section-height-default elementor-section-height-default\" data-id=\"a56ce08\" data-element_type=\"section\" data-e-type=\"section\" data-settings=\"{&quot;jet_parallax_layout_list&quot;:[{&quot;jet_parallax_layout_image&quot;:{&quot;url&quot;:&quot;&quot;,&quot;id&quot;:&quot;&quot;,&quot;size&quot;:&quot;&quot;},&quot;_id&quot;:&quot;79c27de&quot;,&quot;jet_parallax_layout_speed&quot;:{&quot;unit&quot;:&quot;%&quot;,&quot;size&quot;:&quot;50&quot;,&quot;sizes&quot;:[]},&quot;jet_parallax_layout_bg_x&quot;:&quot;50&quot;,&quot;jet_parallax_layout_bg_y&quot;:&quot;50&quot;,&quot;jet_parallax_layout_image_tablet&quot;:{&quot;url&quot;:&quot;&quot;,&quot;id&quot;:&quot;&quot;,&quot;size&quot;:&quot;&quot;},&quot;jet_parallax_layout_image_mobile&quot;:{&quot;url&quot;:&quot;&quot;,&quot;id&quot;:&quot;&quot;,&quot;size&quot;:&quot;&quot;},&quot;jet_parallax_layout_type&quot;:&quot;scroll&quot;,&quot;jet_parallax_layout_direction&quot;:&quot;1&quot;,&quot;jet_parallax_layout_fx_direction&quot;:null,&quot;jet_parallax_layout_z_index&quot;:&quot;&quot;,&quot;jet_parallax_layout_bg_x_tablet&quot;:&quot;&quot;,&quot;jet_parallax_layout_bg_x_mobile&quot;:&quot;&quot;,&quot;jet_parallax_layout_bg_y_tablet&quot;:&quot;&quot;,&quot;jet_parallax_layout_bg_y_mobile&quot;:&quot;&quot;,&quot;jet_parallax_layout_bg_size&quot;:&quot;auto&quot;,&quot;jet_parallax_layout_bg_size_tablet&quot;:&quot;&quot;,&quot;jet_parallax_layout_bg_size_mobile&quot;:&quot;&quot;,&quot;jet_parallax_layout_animation_prop&quot;:&quot;transform&quot;,&quot;jet_parallax_layout_on&quot;:[&quot;desktop&quot;,&quot;tablet&quot;]}]}\">\n\t\t\t\t\t\t<div class=\"elementor-container elementor-column-gap-default\">\n\t\t\t\t\t<div class=\"elementor-column elementor-col-100 elementor-top-column elementor-element elementor-element-5246129\" data-id=\"5246129\" data-element_type=\"column\" data-e-type=\"column\">\n\t\t\t<div class=\"elementor-widget-wrap elementor-element-populated\">\n\t\t\t\t\t\t<div class=\"elementor-element elementor-element-e214617 elementor-widget elementor-widget-text-editor\" data-id=\"e214617\" data-element_type=\"widget\" data-e-type=\"widget\" data-settings=\"{&quot;htmega_fe&quot;:&quot;no&quot;}\" data-widget_type=\"text-editor.default\">\n\t\t\t\t<div class=\"elementor-widget-container\">\n\t\t\t\t\t\t\t\t\t<ul><li style=\"list-style-type: none;\"><ul><li><span style=\"color: #808080;\"><a style=\"color: #808080;\" href=\"https:\/\/www.gov.si\/drzavni-organi\/ministrstva\/ministrstvo-za-visoko-solstvo-znanost-in-inovacije\/\"><strong>Ministrstvo za visoko \u0161olstvo in inovacije <\/strong><\/a><\/span><img decoding=\"async\" class=\"alignnone size-medium wp-image-4230\" src=\"https:\/\/vsptuj.si\/wp-content\/uploads\/2023\/11\/Logo-MVZI-slo-300x80.jpg\" alt=\"\" width=\"300\" height=\"80\" srcset=\"https:\/\/vsptuj.si\/wp-content\/uploads\/2023\/11\/Logo-MVZI-slo-300x80.jpg 300w, https:\/\/vsptuj.si\/wp-content\/uploads\/2023\/11\/Logo-MVZI-slo-768x205.jpg 768w, https:\/\/vsptuj.si\/wp-content\/uploads\/2023\/11\/Logo-MVZI-slo.jpg 886w\" sizes=\"(max-width: 300px) 100vw, 300px\" \/><\/li><li><span style=\"color: #808080;\"><a style=\"color: #808080;\" href=\"https:\/\/www.ptuj.si\/\"><strong>MESTNA OB\u010cINA PTUJ\u00a0 \u00a0<img decoding=\"async\" class=\"alignnone size-medium wp-image-2608\" src=\"https:\/\/vsptuj.si\/wp-content\/uploads\/2021\/04\/MO-Ptuj-300x68.png\" alt=\"\" width=\"300\" height=\"68\" srcset=\"https:\/\/vsptuj.si\/wp-content\/uploads\/2021\/04\/MO-Ptuj-300x68.png 300w, https:\/\/vsptuj.si\/wp-content\/uploads\/2021\/04\/MO-Ptuj.png 372w\" sizes=\"(max-width: 300px) 100vw, 300px\" \/><\/strong><\/a><\/span><\/li><li><span style=\"color: #808080;\"><a style=\"color: #808080;\" href=\"https:\/\/scptuj.si\/\"><strong>\u0160olski center Ptuj\u00a0\u00a0<\/strong><\/a><\/span> <img decoding=\"async\" class=\"\" src=\"https:\/\/scptuj.si\/wp-content\/uploads\/2021\/06\/Asset-3.svg\" alt=\"\u0160olski center Ptuj\" width=\"235\" height=\"35\" \/><\/li><\/ul><\/li><\/ul><ul><li><a href=\"http:\/\/www.janez-skrlec.si\/\"><span style=\"color: #808080;\"><strong>Janez \u0160krlec\u00a0 \u00a0<img loading=\"lazy\" decoding=\"async\" class=\"alignnone wp-image-2946\" src=\"https:\/\/vsptuj.si\/wp-content\/uploads\/2021\/04\/Janez-Skrlec-300x73.png\" alt=\"\" width=\"156\" height=\"38\" srcset=\"https:\/\/vsptuj.si\/wp-content\/uploads\/2021\/04\/Janez-Skrlec-300x73.png 300w, https:\/\/vsptuj.si\/wp-content\/uploads\/2021\/04\/Janez-Skrlec-768x188.png 768w, https:\/\/vsptuj.si\/wp-content\/uploads\/2021\/04\/Janez-Skrlec.png 920w\" sizes=\"(max-width: 156px) 100vw, 156px\" \/><\/strong><\/span><\/a><\/li><li><span style=\"color: #808080;\"><a style=\"color: #808080;\" href=\"https:\/\/www.js-ptuj.si\/\"><strong>Javne slu\u017ebe Ptuj d.o.o. <img loading=\"lazy\" decoding=\"async\" class=\"alignnone wp-image-2610\" src=\"https:\/\/vsptuj.si\/wp-content\/uploads\/2021\/04\/Javne-sluzbe-Ptuj-d.o.o.-300x74.png\" alt=\"\" width=\"195\" height=\"48\" srcset=\"https:\/\/vsptuj.si\/wp-content\/uploads\/2021\/04\/Javne-sluzbe-Ptuj-d.o.o.-300x74.png 300w, https:\/\/vsptuj.si\/wp-content\/uploads\/2021\/04\/Javne-sluzbe-Ptuj-d.o.o.-768x189.png 768w, https:\/\/vsptuj.si\/wp-content\/uploads\/2021\/04\/Javne-sluzbe-Ptuj-d.o.o..png 900w\" sizes=\"(max-width: 195px) 100vw, 195px\" \/><\/strong><\/a><\/span><\/li><li><span style=\"color: #808080;\"><a style=\"color: #808080;\" href=\"http:\/\/www.komunala-ptuj.si\/\"><strong>Komunalno Podjetje Ptuj d.d.\u00a0\u00a0 <img loading=\"lazy\" decoding=\"async\" class=\"\" src=\"https:\/\/www.komunala-ptuj.si\/wp-content\/uploads\/2022\/03\/KPPlogo-e1571725535205-300x171-1.png\" alt=\"Komunalno podjetje Ptuj d.d. - vodooskrba, komunalne storitve, \u010di\u0161\u010denje...\" width=\"157\" height=\"89\" \/><\/strong><\/a><\/span><\/li><li><a href=\"https:\/\/www.reseda.si\/\"><span style=\"color: #808080;\"><strong>RESEDA d.o.o.\u00a0\u00a0 <img loading=\"lazy\" decoding=\"async\" class=\"\" src=\"https:\/\/media.licdn.com\/dms\/image\/C4D0BAQFEj5p7x4tZIQ\/company-logo_200_200\/0\/1587717089460?e=2147483647&amp;v=beta&amp;t=YZiSdzJV1Ezye01ZnECmS1_bHtoXAHvjHr1hQ5U9j1g\" alt=\"RESEDA d.o.o. | LinkedIn\" width=\"120\" height=\"120\" \/><\/strong><\/span><\/a><\/li><li><span style=\"color: #808080;\"><a style=\"color: #808080;\" href=\"https:\/\/www.kts-kern.si\/\"><strong>KTS Kern, tunelska tehnika, d.o.o. <img loading=\"lazy\" decoding=\"async\" class=\"alignnone wp-image-3926 \" src=\"https:\/\/vsptuj.si\/wp-content\/uploads\/2023\/04\/logotip-KTS-KERN-e1680521293379-300x103.jpg\" alt=\"\" width=\"166\" height=\"57\" srcset=\"https:\/\/vsptuj.si\/wp-content\/uploads\/2023\/04\/logotip-KTS-KERN-e1680521293379-300x103.jpg 300w, https:\/\/vsptuj.si\/wp-content\/uploads\/2023\/04\/logotip-KTS-KERN-e1680521293379-1024x352.jpg 1024w, https:\/\/vsptuj.si\/wp-content\/uploads\/2023\/04\/logotip-KTS-KERN-e1680521293379-768x264.jpg 768w, https:\/\/vsptuj.si\/wp-content\/uploads\/2023\/04\/logotip-KTS-KERN-e1680521293379-16x5.jpg 16w, https:\/\/vsptuj.si\/wp-content\/uploads\/2023\/04\/logotip-KTS-KERN-e1680521293379.jpg 1200w\" sizes=\"(max-width: 166px) 100vw, 166px\" \/><\/strong><\/a><\/span><\/li><li><span style=\"color: #808080;\"><a style=\"color: #808080;\" href=\"http:\/\/re-mont.com\/\"><strong>Re-Mont strojni\u0161tvo, elektrika, monta\u017ea d.o.o. <img loading=\"lazy\" decoding=\"async\" class=\"alignnone wp-image-2613\" src=\"https:\/\/vsptuj.si\/wp-content\/uploads\/2021\/04\/Re-Mont-strojnistvo-elektrika-montaza-d.o.o.-300x98.png\" alt=\"\" width=\"147\" height=\"48\" srcset=\"https:\/\/vsptuj.si\/wp-content\/uploads\/2021\/04\/Re-Mont-strojnistvo-elektrika-montaza-d.o.o.-300x98.png 300w, https:\/\/vsptuj.si\/wp-content\/uploads\/2021\/04\/Re-Mont-strojnistvo-elektrika-montaza-d.o.o..png 420w\" sizes=\"(max-width: 147px) 100vw, 147px\" \/><\/strong><\/a><\/span><\/li><li><span style=\"color: #808080;\"><a style=\"color: #808080;\" href=\"https:\/\/www.smc.eu\/sl-si\"><strong>SMC industrijska avtomatika d.o.o. <img loading=\"lazy\" decoding=\"async\" class=\"alignnone wp-image-2614\" src=\"https:\/\/vsptuj.si\/wp-content\/uploads\/2021\/04\/SMC-industrijska-avtomatika-d.o.o..jpg\" alt=\"\" width=\"128\" height=\"48\" \/><\/strong><\/a><\/span><\/li><li><span style=\"color: #808080;\"><a style=\"color: #808080;\" href=\"http:\/\/robotehnika.si\/\"><strong>Robotehnika d.o.o. \u00a0 <img loading=\"lazy\" decoding=\"async\" class=\"\" src=\"http:\/\/robotehnika.si\/wp-content\/uploads\/2017\/09\/logotip_nov.png\" alt=\"Domov - Robotehnika d.o.o. - Konstruiranje strojev in naprav\" width=\"195\" height=\"57\" \/><\/strong><\/a><\/span><\/li><li><span style=\"color: #808080;\"><a style=\"color: #808080;\" href=\"https:\/\/gp-projecting.si\/\"><strong>GP Project ing\u00a0<\/strong><\/a> <img loading=\"lazy\" decoding=\"async\" class=\"alignnone wp-image-3930 size-full\" src=\"https:\/\/vsptuj.si\/wp-content\/uploads\/2023\/04\/GP-Project-ing-e1680521852432.png\" alt=\"\" width=\"225\" height=\"100\" srcset=\"https:\/\/vsptuj.si\/wp-content\/uploads\/2023\/04\/GP-Project-ing-e1680521852432.png 225w, https:\/\/vsptuj.si\/wp-content\/uploads\/2023\/04\/GP-Project-ing-e1680521852432-16x7.png 16w\" sizes=\"(max-width: 225px) 100vw, 225px\" \/><\/span><\/li><li><span style=\"color: #808080;\"><a style=\"color: #808080;\" href=\"https:\/\/www.tenzor.si\/\"><strong>Tenzor podjetje za varovanje premo\u017eenja, storitve in trgovino d.o.o. <img loading=\"lazy\" decoding=\"async\" class=\"alignnone wp-image-2616\" src=\"https:\/\/vsptuj.si\/wp-content\/uploads\/2021\/04\/Tenzor-podjetje-za-varovanje-premozenja-storitve-in-trgovino-d.o.o.-261x300.gif\" alt=\"\" width=\"55\" height=\"64\" \/><\/strong><\/a><\/span><\/li><li><span style=\"color: #808080;\"><a style=\"color: #808080;\" href=\"https:\/\/www.trelleborgslovenija.com\/sl\/\"><strong>Trelleborg Slovenija, d.o.o.<\/strong> <img loading=\"lazy\" decoding=\"async\" class=\"alignnone wp-image-2744\" src=\"https:\/\/vsptuj.si\/wp-content\/uploads\/2021\/04\/logo_trelleborg.jpg\" alt=\"\" width=\"113\" height=\"57\" \/><\/a><\/span><\/li><li><span style=\"color: #808080;\"><a style=\"color: #808080;\" href=\"https:\/\/bistra.si\/\"><strong>Znanstveno raziskovalno sredi\u0161\u010de Bistra Ptuj\u00a0\u00a0<\/strong> <img loading=\"lazy\" decoding=\"async\" class=\"alignnone wp-image-2743\" src=\"https:\/\/vsptuj.si\/wp-content\/uploads\/2021\/04\/logo_bistra-300x153.png\" alt=\"\" width=\"120\" height=\"61\" srcset=\"https:\/\/vsptuj.si\/wp-content\/uploads\/2021\/04\/logo_bistra-300x153.png 300w, https:\/\/vsptuj.si\/wp-content\/uploads\/2021\/04\/logo_bistra.png 303w\" sizes=\"(max-width: 120px) 100vw, 120px\" \/><\/a><\/span><\/li><\/ul>\t\t\t\t\t\t\t\t<\/div>\n\t\t\t\t<\/div>\n\t\t\t\t\t<\/div>\n\t\t<\/div>\n\t\t\t\t\t<\/div>\n\t\t<\/section>\n\t\t\t\t<\/div>\n\t\t","protected":false},"excerpt":{"rendered":"<p>Partnerji Home Ministrstvo za visoko \u0161olstvo in inovacije MESTNA OB\u010cINA PTUJ\u00a0 \u00a0 \u0160olski center Ptuj\u00a0\u00a0 Janez \u0160krlec\u00a0 \u00a0 Javne slu\u017ebe Ptuj d.o.o. Komunalno Podjetje Ptuj d.d.\u00a0\u00a0 RESEDA d.o.o.\u00a0\u00a0 KTS Kern, tunelska tehnika, d.o.o. Re-Mont strojni\u0161tvo, elektrika, monta\u017ea d.o.o. SMC industrijska avtomatika d.o.o. Robotehnika d.o.o. \u00a0 GP Project ing\u00a0 Tenzor podjetje za varovanje premo\u017eenja, storitve in [&hellip;]<\/p>\n","protected":false},"author":2,"featured_media":0,"parent":2331,"menu_order":0,"comment_status":"closed","ping_status":"closed","template":"elementor_header_footer","meta":{"_acf_changed":false,"_eb_attr":"","inline_featured_image":false,"footnotes":""},"class_list":["post-2404","page","type-page","status-publish","hentry"],"acf":[],"yoast_head":"<!-- This site is optimized with the Yoast SEO plugin v27.4 - https:\/\/yoast.com\/product\/yoast-seo-wordpress\/ -->\n<title>Partnerji - Visoka \u0160ola na Ptuju<\/title>\n<meta name=\"robots\" content=\"index, follow, max-snippet:-1, max-image-preview:large, max-video-preview:-1\" \/>\n<link rel=\"canonical\" href=\"https:\/\/vsptuj.si\/sl\/vs-ptuj\/partnerji-vsp\/\" \/>\n<meta property=\"og:locale\" content=\"sl_SI\" \/>\n<meta property=\"og:type\" content=\"article\" \/>\n<meta property=\"og:title\" content=\"Partnerji - Visoka \u0160ola na Ptuju\" \/>\n<meta property=\"og:description\" content=\"Partnerji Home Ministrstvo za visoko \u0161olstvo in inovacije MESTNA OB\u010cINA PTUJ\u00a0 \u00a0 \u0160olski center Ptuj\u00a0\u00a0 Janez \u0160krlec\u00a0 \u00a0 Javne slu\u017ebe Ptuj d.o.o. Komunalno Podjetje Ptuj d.d.\u00a0\u00a0 RESEDA d.o.o.\u00a0\u00a0 KTS Kern, tunelska tehnika, d.o.o. Re-Mont strojni\u0161tvo, elektrika, monta\u017ea d.o.o. SMC industrijska avtomatika d.o.o. Robotehnika d.o.o. \u00a0 GP Project ing\u00a0 Tenzor podjetje za varovanje premo\u017eenja, storitve in [&hellip;]\" \/>\n<meta property=\"og:url\" content=\"https:\/\/vsptuj.si\/sl\/vs-ptuj\/partnerji-vsp\/\" \/>\n<meta property=\"og:site_name\" content=\"Visoka \u0160ola na Ptuju\" \/>\n<meta property=\"article:modified_time\" content=\"2023-11-29T12:22:35+00:00\" \/>\n<meta property=\"og:image\" content=\"https:\/\/vsptuj.si\/wp-content\/uploads\/2023\/11\/Logo-MVZI-slo-300x80.jpg\" \/>\n<meta name=\"twitter:card\" content=\"summary_large_image\" \/>\n<meta name=\"twitter:label1\" content=\"Est. reading time\" \/>\n\t<meta name=\"twitter:data1\" content=\"4 minute\" \/>\n<script type=\"application\/ld+json\" class=\"yoast-schema-graph\">{\"@context\":\"https:\\\/\\\/schema.org\",\"@graph\":[{\"@type\":\"WebPage\",\"@id\":\"https:\\\/\\\/vsptuj.si\\\/vs-ptuj\\\/partnerji-vsp\\\/\",\"url\":\"https:\\\/\\\/vsptuj.si\\\/vs-ptuj\\\/partnerji-vsp\\\/\",\"name\":\"Partnerji - Visoka \u0160ola na Ptuju\",\"isPartOf\":{\"@id\":\"https:\\\/\\\/vsptuj.si\\\/#website\"},\"primaryImageOfPage\":{\"@id\":\"https:\\\/\\\/vsptuj.si\\\/vs-ptuj\\\/partnerji-vsp\\\/#primaryimage\"},\"image\":{\"@id\":\"https:\\\/\\\/vsptuj.si\\\/vs-ptuj\\\/partnerji-vsp\\\/#primaryimage\"},\"thumbnailUrl\":\"https:\\\/\\\/vsptuj.si\\\/wp-content\\\/uploads\\\/2023\\\/11\\\/Logo-MVZI-slo-300x80.jpg\",\"datePublished\":\"2021-03-31T23:24:00+00:00\",\"dateModified\":\"2023-11-29T12:22:35+00:00\",\"breadcrumb\":{\"@id\":\"https:\\\/\\\/vsptuj.si\\\/vs-ptuj\\\/partnerji-vsp\\\/#breadcrumb\"},\"inLanguage\":\"sl-SI\",\"potentialAction\":[{\"@type\":\"ReadAction\",\"target\":[\"https:\\\/\\\/vsptuj.si\\\/vs-ptuj\\\/partnerji-vsp\\\/\"]}]},{\"@type\":\"ImageObject\",\"inLanguage\":\"sl-SI\",\"@id\":\"https:\\\/\\\/vsptuj.si\\\/vs-ptuj\\\/partnerji-vsp\\\/#primaryimage\",\"url\":\"https:\\\/\\\/vsptuj.si\\\/wp-content\\\/uploads\\\/2023\\\/11\\\/Logo-MVZI-slo-300x80.jpg\",\"contentUrl\":\"https:\\\/\\\/vsptuj.si\\\/wp-content\\\/uploads\\\/2023\\\/11\\\/Logo-MVZI-slo-300x80.jpg\"},{\"@type\":\"BreadcrumbList\",\"@id\":\"https:\\\/\\\/vsptuj.si\\\/vs-ptuj\\\/partnerji-vsp\\\/#breadcrumb\",\"itemListElement\":[{\"@type\":\"ListItem\",\"position\":1,\"name\":\"Home\",\"item\":\"https:\\\/\\\/vsptuj.si\\\/\"},{\"@type\":\"ListItem\",\"position\":2,\"name\":\"V\u0160 Ptuj\",\"item\":\"https:\\\/\\\/vsptuj.si\\\/vs-ptuj\\\/\"},{\"@type\":\"ListItem\",\"position\":3,\"name\":\"Partnerji\"}]},{\"@type\":\"WebSite\",\"@id\":\"https:\\\/\\\/vsptuj.si\\\/#website\",\"url\":\"https:\\\/\\\/vsptuj.si\\\/\",\"name\":\"Visoka \u0160ola na Ptuju\",\"description\":\"Bionika v tehniki\",\"potentialAction\":[{\"@type\":\"SearchAction\",\"target\":{\"@type\":\"EntryPoint\",\"urlTemplate\":\"https:\\\/\\\/vsptuj.si\\\/?s={search_term_string}\"},\"query-input\":{\"@type\":\"PropertyValueSpecification\",\"valueRequired\":true,\"valueName\":\"search_term_string\"}}],\"inLanguage\":\"sl-SI\"}]}<\/script>\n<!-- \/ Yoast SEO plugin. -->","yoast_head_json":{"title":"Partnerji - Visoka \u0160ola na Ptuju","robots":{"index":"index","follow":"follow","max-snippet":"max-snippet:-1","max-image-preview":"max-image-preview:large","max-video-preview":"max-video-preview:-1"},"canonical":"https:\/\/vsptuj.si\/sl\/vs-ptuj\/partnerji-vsp\/","og_locale":"sl_SI","og_type":"article","og_title":"Partnerji - Visoka \u0160ola na Ptuju","og_description":"Partnerji Home Ministrstvo za visoko \u0161olstvo in inovacije MESTNA OB\u010cINA PTUJ\u00a0 \u00a0 \u0160olski center Ptuj\u00a0\u00a0 Janez \u0160krlec\u00a0 \u00a0 Javne slu\u017ebe Ptuj d.o.o. Komunalno Podjetje Ptuj d.d.\u00a0\u00a0 RESEDA d.o.o.\u00a0\u00a0 KTS Kern, tunelska tehnika, d.o.o. Re-Mont strojni\u0161tvo, elektrika, monta\u017ea d.o.o. SMC industrijska avtomatika d.o.o. Robotehnika d.o.o. \u00a0 GP Project ing\u00a0 Tenzor podjetje za varovanje premo\u017eenja, storitve in [&hellip;]","og_url":"https:\/\/vsptuj.si\/sl\/vs-ptuj\/partnerji-vsp\/","og_site_name":"Visoka \u0160ola na Ptuju","article_modified_time":"2023-11-29T12:22:35+00:00","og_image":[{"url":"https:\/\/vsptuj.si\/wp-content\/uploads\/2023\/11\/Logo-MVZI-slo-300x80.jpg","type":"","width":"","height":""}],"twitter_card":"summary_large_image","twitter_misc":{"Est. reading time":"4 minute"},"schema":{"@context":"https:\/\/schema.org","@graph":[{"@type":"WebPage","@id":"https:\/\/vsptuj.si\/vs-ptuj\/partnerji-vsp\/","url":"https:\/\/vsptuj.si\/vs-ptuj\/partnerji-vsp\/","name":"Partnerji - Visoka \u0160ola na Ptuju","isPartOf":{"@id":"https:\/\/vsptuj.si\/#website"},"primaryImageOfPage":{"@id":"https:\/\/vsptuj.si\/vs-ptuj\/partnerji-vsp\/#primaryimage"},"image":{"@id":"https:\/\/vsptuj.si\/vs-ptuj\/partnerji-vsp\/#primaryimage"},"thumbnailUrl":"https:\/\/vsptuj.si\/wp-content\/uploads\/2023\/11\/Logo-MVZI-slo-300x80.jpg","datePublished":"2021-03-31T23:24:00+00:00","dateModified":"2023-11-29T12:22:35+00:00","breadcrumb":{"@id":"https:\/\/vsptuj.si\/vs-ptuj\/partnerji-vsp\/#breadcrumb"},"inLanguage":"sl-SI","potentialAction":[{"@type":"ReadAction","target":["https:\/\/vsptuj.si\/vs-ptuj\/partnerji-vsp\/"]}]},{"@type":"ImageObject","inLanguage":"sl-SI","@id":"https:\/\/vsptuj.si\/vs-ptuj\/partnerji-vsp\/#primaryimage","url":"https:\/\/vsptuj.si\/wp-content\/uploads\/2023\/11\/Logo-MVZI-slo-300x80.jpg","contentUrl":"https:\/\/vsptuj.si\/wp-content\/uploads\/2023\/11\/Logo-MVZI-slo-300x80.jpg"},{"@type":"BreadcrumbList","@id":"https:\/\/vsptuj.si\/vs-ptuj\/partnerji-vsp\/#breadcrumb","itemListElement":[{"@type":"ListItem","position":1,"name":"Home","item":"https:\/\/vsptuj.si\/"},{"@type":"ListItem","position":2,"name":"V\u0160 Ptuj","item":"https:\/\/vsptuj.si\/vs-ptuj\/"},{"@type":"ListItem","position":3,"name":"Partnerji"}]},{"@type":"WebSite","@id":"https:\/\/vsptuj.si\/#website","url":"https:\/\/vsptuj.si\/","name":"Visoka \u0160ola na Ptuju","description":"Bionika v tehniki","potentialAction":[{"@type":"SearchAction","target":{"@type":"EntryPoint","urlTemplate":"https:\/\/vsptuj.si\/?s={search_term_string}"},"query-input":{"@type":"PropertyValueSpecification","valueRequired":true,"valueName":"search_term_string"}}],"inLanguage":"sl-SI"}]}},"_links":{"self":[{"href":"https:\/\/vsptuj.si\/sl\/wp-json\/wp\/v2\/pages\/2404","targetHints":{"allow":["GET"]}}],"collection":[{"href":"https:\/\/vsptuj.si\/sl\/wp-json\/wp\/v2\/pages"}],"about":[{"href":"https:\/\/vsptuj.si\/sl\/wp-json\/wp\/v2\/types\/page"}],"author":[{"embeddable":true,"href":"https:\/\/vsptuj.si\/sl\/wp-json\/wp\/v2\/users\/2"}],"replies":[{"embeddable":true,"href":"https:\/\/vsptuj.si\/sl\/wp-json\/wp\/v2\/comments?post=2404"}],"version-history":[{"count":65,"href":"https:\/\/vsptuj.si\/sl\/wp-json\/wp\/v2\/pages\/2404\/revisions"}],"predecessor-version":[{"id":4239,"href":"https:\/\/vsptuj.si\/sl\/wp-json\/wp\/v2\/pages\/2404\/revisions\/4239"}],"up":[{"embeddable":true,"href":"https:\/\/vsptuj.si\/sl\/wp-json\/wp\/v2\/pages\/2331"}],"wp:attachment":[{"href":"https:\/\/vsptuj.si\/sl\/wp-json\/wp\/v2\/media?parent=2404"}],"curies":[{"name":"wp","href":"https:\/\/api.w.org\/{rel}","templated":true}]}}