{"id":2392,"date":"2021-03-31T23:05:36","date_gmt":"2021-03-31T23:05:36","guid":{"rendered":"https:\/\/vsptuj.si\/?page_id=2392"},"modified":"2023-11-29T14:24:51","modified_gmt":"2023-11-29T12:24:51","slug":"mednarodno-sodelovanje","status":"publish","type":"page","link":"https:\/\/vsptuj.si\/sl\/vs-ptuj\/mednarodno-sodelovanje\/","title":{"rendered":"Mednarodno sodelovanje"},"content":{"rendered":"\t\t<div data-elementor-type=\"wp-page\" data-elementor-id=\"2392\" class=\"elementor elementor-2392\">\n\t\t\t\t\t\t<section class=\"elementor-section elementor-top-section elementor-element elementor-element-b85e35e elementor-section-height-min-height elementor-section-items-stretch elementor-section-boxed elementor-section-height-default\" data-id=\"b85e35e\" data-element_type=\"section\" data-e-type=\"section\" data-settings=\"{&quot;jet_parallax_layout_list&quot;:[{&quot;jet_parallax_layout_image&quot;:{&quot;url&quot;:&quot;&quot;,&quot;id&quot;:&quot;&quot;,&quot;size&quot;:&quot;&quot;},&quot;_id&quot;:&quot;494eb87&quot;,&quot;jet_parallax_layout_speed&quot;:{&quot;unit&quot;:&quot;%&quot;,&quot;size&quot;:&quot;50&quot;,&quot;sizes&quot;:[]},&quot;jet_parallax_layout_bg_x&quot;:&quot;50&quot;,&quot;jet_parallax_layout_bg_y&quot;:&quot;50&quot;,&quot;jet_parallax_layout_image_tablet&quot;:{&quot;url&quot;:&quot;&quot;,&quot;id&quot;:&quot;&quot;,&quot;size&quot;:&quot;&quot;},&quot;jet_parallax_layout_image_mobile&quot;:{&quot;url&quot;:&quot;&quot;,&quot;id&quot;:&quot;&quot;,&quot;size&quot;:&quot;&quot;},&quot;jet_parallax_layout_type&quot;:&quot;scroll&quot;,&quot;jet_parallax_layout_direction&quot;:&quot;1&quot;,&quot;jet_parallax_layout_fx_direction&quot;:null,&quot;jet_parallax_layout_z_index&quot;:&quot;&quot;,&quot;jet_parallax_layout_bg_x_tablet&quot;:&quot;&quot;,&quot;jet_parallax_layout_bg_x_mobile&quot;:&quot;&quot;,&quot;jet_parallax_layout_bg_y_tablet&quot;:&quot;&quot;,&quot;jet_parallax_layout_bg_y_mobile&quot;:&quot;&quot;,&quot;jet_parallax_layout_bg_size&quot;:&quot;auto&quot;,&quot;jet_parallax_layout_bg_size_tablet&quot;:&quot;&quot;,&quot;jet_parallax_layout_bg_size_mobile&quot;:&quot;&quot;,&quot;jet_parallax_layout_animation_prop&quot;:&quot;transform&quot;,&quot;jet_parallax_layout_on&quot;:[&quot;desktop&quot;,&quot;tablet&quot;]}],&quot;background_background&quot;:&quot;classic&quot;}\">\n\t\t\t\t\t\t\t<div class=\"elementor-background-overlay\"><\/div>\n\t\t\t\t\t\t\t<div class=\"elementor-container elementor-column-gap-default\">\n\t\t\t\t\t<div class=\"elementor-column elementor-col-100 elementor-top-column elementor-element elementor-element-105720e\" data-id=\"105720e\" data-element_type=\"column\" data-e-type=\"column\">\n\t\t\t<div class=\"elementor-widget-wrap elementor-element-populated\">\n\t\t\t\t\t\t<div class=\"elementor-element elementor-element-4363580 elementor-align-center elementor-widget elementor-widget-raven-heading\" data-id=\"4363580\" data-element_type=\"widget\" data-e-type=\"widget\" data-settings=\"{&quot;htmega_fe&quot;:&quot;no&quot;}\" data-widget_type=\"raven-heading.default\">\n\t\t\t\t<div class=\"elementor-widget-container\">\n\t\t\t\t\t\t\t<div class=\"raven-widget-wrapper\"><h1 class=\"raven-heading raven-heading-h1\"><span class=\"raven-heading-title \">Mednarodno sodelovanje<\/span><\/h1><\/div>\n\t\t\t\t\t\t<\/div>\n\t\t\t\t<\/div>\n\t\t\t\t<div class=\"elementor-element elementor-element-3afd13a elementor-align-center elementor-widget elementor-widget-raven-breadcrumbs\" data-id=\"3afd13a\" data-element_type=\"widget\" data-e-type=\"widget\" data-settings=\"{&quot;htmega_fe&quot;:&quot;no&quot;}\" data-widget_type=\"raven-breadcrumbs.default\">\n\t\t\t\t<div class=\"elementor-widget-container\">\n\t\t\t\t\t<div class=\"raven-breadcrumbs raven-breadcrumbs-default\"><p class=\"breadcrumb\">\t\t\t\t<span class=\"breadcrumb-item active\" aria-current=\"page\"><span>Home<\/span><\/span>\n\n\t\t\t\t<\/p><\/div>\t\t\t\t<\/div>\n\t\t\t\t<\/div>\n\t\t\t\t\t<\/div>\n\t\t<\/div>\n\t\t\t\t\t<\/div>\n\t\t<\/section>\n\t\t\t\t<section class=\"elementor-section elementor-top-section elementor-element elementor-element-a56ce08 elementor-section-boxed elementor-section-height-default elementor-section-height-default\" data-id=\"a56ce08\" data-element_type=\"section\" data-e-type=\"section\" data-settings=\"{&quot;jet_parallax_layout_list&quot;:[{&quot;jet_parallax_layout_image&quot;:{&quot;url&quot;:&quot;&quot;,&quot;id&quot;:&quot;&quot;,&quot;size&quot;:&quot;&quot;},&quot;_id&quot;:&quot;79c27de&quot;,&quot;jet_parallax_layout_speed&quot;:{&quot;unit&quot;:&quot;%&quot;,&quot;size&quot;:&quot;50&quot;,&quot;sizes&quot;:[]},&quot;jet_parallax_layout_bg_x&quot;:&quot;50&quot;,&quot;jet_parallax_layout_bg_y&quot;:&quot;50&quot;,&quot;jet_parallax_layout_image_tablet&quot;:{&quot;url&quot;:&quot;&quot;,&quot;id&quot;:&quot;&quot;,&quot;size&quot;:&quot;&quot;},&quot;jet_parallax_layout_image_mobile&quot;:{&quot;url&quot;:&quot;&quot;,&quot;id&quot;:&quot;&quot;,&quot;size&quot;:&quot;&quot;},&quot;jet_parallax_layout_type&quot;:&quot;scroll&quot;,&quot;jet_parallax_layout_direction&quot;:&quot;1&quot;,&quot;jet_parallax_layout_fx_direction&quot;:null,&quot;jet_parallax_layout_z_index&quot;:&quot;&quot;,&quot;jet_parallax_layout_bg_x_tablet&quot;:&quot;&quot;,&quot;jet_parallax_layout_bg_x_mobile&quot;:&quot;&quot;,&quot;jet_parallax_layout_bg_y_tablet&quot;:&quot;&quot;,&quot;jet_parallax_layout_bg_y_mobile&quot;:&quot;&quot;,&quot;jet_parallax_layout_bg_size&quot;:&quot;auto&quot;,&quot;jet_parallax_layout_bg_size_tablet&quot;:&quot;&quot;,&quot;jet_parallax_layout_bg_size_mobile&quot;:&quot;&quot;,&quot;jet_parallax_layout_animation_prop&quot;:&quot;transform&quot;,&quot;jet_parallax_layout_on&quot;:[&quot;desktop&quot;,&quot;tablet&quot;]}]}\">\n\t\t\t\t\t\t<div class=\"elementor-container elementor-column-gap-default\">\n\t\t\t\t\t<div class=\"elementor-column elementor-col-100 elementor-top-column elementor-element elementor-element-5246129\" data-id=\"5246129\" data-element_type=\"column\" data-e-type=\"column\">\n\t\t\t<div class=\"elementor-widget-wrap elementor-element-populated\">\n\t\t\t\t\t\t<div class=\"elementor-element elementor-element-d60aa26 elementor-align-left elementor-widget elementor-widget-raven-heading\" data-id=\"d60aa26\" data-element_type=\"widget\" data-e-type=\"widget\" data-settings=\"{&quot;htmega_fe&quot;:&quot;no&quot;}\" data-widget_type=\"raven-heading.default\">\n\t\t\t\t<div class=\"elementor-widget-container\">\n\t\t\t\t\t\t\t<div class=\"raven-widget-wrapper\"><h3 class=\"raven-heading raven-heading-h3\"><span class=\"raven-heading-title \">Visoka \u0161ola na Ptuju ima sklenjene sporazume z mednarodnimi institucijami:<\/span><\/h3><\/div>\n\t\t\t\t\t\t<\/div>\n\t\t\t\t<\/div>\n\t\t\t\t<div class=\"elementor-element elementor-element-e214617 elementor-widget elementor-widget-text-editor\" data-id=\"e214617\" data-element_type=\"widget\" data-e-type=\"widget\" data-settings=\"{&quot;htmega_fe&quot;:&quot;no&quot;}\" data-widget_type=\"text-editor.default\">\n\t\t\t\t<div class=\"elementor-widget-container\">\n\t\t\t\t\t\t\t\t\t<h6><span style=\"color: #808080;\"><a style=\"color: #808080;\" href=\"https:\/\/www.facebook.com\/InternationalesBionikZentrum\/\" target=\"_blank\" rel=\"noopener\">INTERNATIONALES BIONIK ZENTRUM \u2013 BIONICS FOUNDATION (NEM\u010cIJA)<br \/><img decoding=\"async\" class=\"alignnone wp-image-2582\" src=\"https:\/\/vsptuj.si\/wp-content\/uploads\/2021\/04\/bionik-zentrum-300x109.jpg\" alt=\"\" width=\"168\" height=\"61\" srcset=\"https:\/\/vsptuj.si\/wp-content\/uploads\/2021\/04\/bionik-zentrum-300x109.jpg 300w, https:\/\/vsptuj.si\/wp-content\/uploads\/2021\/04\/bionik-zentrum-768x278.jpg 768w, https:\/\/vsptuj.si\/wp-content\/uploads\/2021\/04\/bionik-zentrum.jpg 800w\" sizes=\"(max-width: 168px) 100vw, 168px\" \/><\/a><\/span><\/h6><h6><span style=\"color: #808080;\"><a style=\"color: #808080;\" href=\"http:\/\/www.gtbb.org\/\" target=\"_blank\" rel=\"noopener\">GESELLSCHAFT FUR TECHNISCHE BIOLOGIE UND BIONIK (NEM\u010cIJA)<br \/><img decoding=\"async\" class=\"alignnone wp-image-2583\" src=\"https:\/\/vsptuj.si\/wp-content\/uploads\/2021\/04\/Gesellschaft-fur-Technische-Biologie-und-Bionik.png\" alt=\"\" width=\"100\" height=\"94\" \/><\/a><\/span><\/h6><h6><span style=\"color: #808080;\"><a style=\"color: #808080;\" href=\"http:\/\/www.b-e-n.eu\/\">BIONIC ENGINEERING NETWORK (NEM\u010cIJA)<\/a><\/span><br \/><span style=\"color: #808080;\"><a style=\"color: #808080;\" href=\"http:\/\/www.b-e-n.eu\/\"><img decoding=\"async\" class=\"alignnone wp-image-2601\" src=\"https:\/\/vsptuj.si\/wp-content\/uploads\/2021\/04\/BIONIC-ENGINEERING-NETWORK-300x140.png\" alt=\"\" width=\"153\" height=\"71\" srcset=\"https:\/\/vsptuj.si\/wp-content\/uploads\/2021\/04\/BIONIC-ENGINEERING-NETWORK-300x140.png 300w, https:\/\/vsptuj.si\/wp-content\/uploads\/2021\/04\/BIONIC-ENGINEERING-NETWORK.png 498w\" sizes=\"(max-width: 153px) 100vw, 153px\" \/><\/a><\/span><\/h6><h6><span style=\"color: #808080;\"><a style=\"color: #808080;\" href=\"https:\/\/www.awv.de\/\" target=\"_blank\" rel=\"noopener\">ACADEMIE FUR WIRTSCHAFT UND VERWALTUNG GMBH (NEM\u010cIJA) <br \/><img loading=\"lazy\" decoding=\"async\" class=\"alignnone wp-image-2584\" src=\"https:\/\/vsptuj.si\/wp-content\/uploads\/2021\/04\/Awv-Akademie-Fur-Wirtschaft-Verwaltung-GmbH.jpg\" alt=\"\" width=\"136\" height=\"136\" srcset=\"https:\/\/vsptuj.si\/wp-content\/uploads\/2021\/04\/Awv-Akademie-Fur-Wirtschaft-Verwaltung-GmbH.jpg 200w, https:\/\/vsptuj.si\/wp-content\/uploads\/2021\/04\/Awv-Akademie-Fur-Wirtschaft-Verwaltung-GmbH-150x150.jpg 150w\" sizes=\"(max-width: 136px) 100vw, 136px\" \/><\/a><\/span><\/h6><h6><span style=\"color: #808080;\"><a style=\"color: #808080;\" href=\"http:\/\/www.fh-dresden.eu\/\" target=\"_blank\" rel=\"noopener\">FACHHOCHSCHULE DREDSEDN (NEM\u010cIJA)<br \/><img loading=\"lazy\" decoding=\"async\" class=\"alignnone wp-image-2585\" src=\"https:\/\/vsptuj.si\/wp-content\/uploads\/2021\/04\/Fachhochschule-Dresden-300x53.png\" alt=\"\" width=\"201\" height=\"36\" srcset=\"https:\/\/vsptuj.si\/wp-content\/uploads\/2021\/04\/Fachhochschule-Dresden-300x53.png 300w, https:\/\/vsptuj.si\/wp-content\/uploads\/2021\/04\/Fachhochschule-Dresden.png 535w\" sizes=\"(max-width: 201px) 100vw, 201px\" \/><\/a><\/span><\/h6><h6><span style=\"color: #808080;\"><a style=\"color: #808080;\" href=\"http:\/\/www.bbi-akademie.de\/\" target=\"_blank\" rel=\"noopener\">AKADEMIE FUR BERUFLICHE MILDUNG GGMBH (AFBB) (NEM\u010cIJA)<br \/><img loading=\"lazy\" decoding=\"async\" class=\"alignnone wp-image-2586\" src=\"https:\/\/vsptuj.si\/wp-content\/uploads\/2021\/04\/BBI-Akademie-fur-berufliche-Bildung-gGmbH-300x146.jpg\" alt=\"\" width=\"123\" height=\"60\" srcset=\"https:\/\/vsptuj.si\/wp-content\/uploads\/2021\/04\/BBI-Akademie-fur-berufliche-Bildung-gGmbH-300x146.jpg 300w, https:\/\/vsptuj.si\/wp-content\/uploads\/2021\/04\/BBI-Akademie-fur-berufliche-Bildung-gGmbH.jpg 451w\" sizes=\"(max-width: 123px) 100vw, 123px\" \/><\/a><\/span><\/h6><h5>\u00a0<\/h5><h6><span style=\"color: #808080;\"><a style=\"color: #808080;\" href=\"http:\/\/www.turiba.lv\/tour\/#\/select-faculty\" target=\"_blank\" rel=\"noopener\">TURIBA UNIVERSITY (LATVIJA)<br \/><img loading=\"lazy\" decoding=\"async\" class=\"alignnone wp-image-2588\" src=\"https:\/\/vsptuj.si\/wp-content\/uploads\/2021\/04\/TURIBA-UNIVERSITY-300x167.png\" alt=\"\" width=\"135\" height=\"75\" srcset=\"https:\/\/vsptuj.si\/wp-content\/uploads\/2021\/04\/TURIBA-UNIVERSITY-300x167.png 300w, https:\/\/vsptuj.si\/wp-content\/uploads\/2021\/04\/TURIBA-UNIVERSITY.png 350w\" sizes=\"(max-width: 135px) 100vw, 135px\" \/><\/a><\/span><\/h6><h6><span style=\"color: #000000;\"><a style=\"color: #000000;\" href=\"http:\/\/www.itee.radom.pl\/\" target=\"_blank\" rel=\"noopener\"><span style=\"color: #808080;\">INSTITUTE FOR SUSTAINABLE TECHNOLOGIES \u2013 NATIONAL RESEARCH INSITUTE (POLJSKA)<\/span> <img loading=\"lazy\" decoding=\"async\" class=\"alignnone wp-image-2589\" src=\"https:\/\/vsptuj.si\/wp-content\/uploads\/2021\/04\/Lukasiewicz-\u2013-Instytut-Technologii-Eksploatacji.jpg\" alt=\"\" width=\"156\" height=\"89\" \/><\/a><\/span><\/h6>\t\t\t\t\t\t\t\t<\/div>\n\t\t\t\t<\/div>\n\t\t\t\t\t<\/div>\n\t\t<\/div>\n\t\t\t\t\t<\/div>\n\t\t<\/section>\n\t\t\t\t<\/div>\n\t\t","protected":false},"excerpt":{"rendered":"<p>Mednarodno sodelovanje Home Visoka \u0161ola na Ptuju ima sklenjene sporazume z mednarodnimi institucijami: INTERNATIONALES BIONIK ZENTRUM \u2013 BIONICS FOUNDATION (NEM\u010cIJA) GESELLSCHAFT FUR TECHNISCHE BIOLOGIE UND BIONIK (NEM\u010cIJA) BIONIC ENGINEERING NETWORK (NEM\u010cIJA) ACADEMIE FUR WIRTSCHAFT UND VERWALTUNG GMBH (NEM\u010cIJA) FACHHOCHSCHULE DREDSEDN (NEM\u010cIJA) AKADEMIE FUR BERUFLICHE MILDUNG GGMBH (AFBB) (NEM\u010cIJA) \u00a0 TURIBA UNIVERSITY (LATVIJA) INSTITUTE FOR SUSTAINABLE [&hellip;]<\/p>\n","protected":false},"author":2,"featured_media":0,"parent":2331,"menu_order":0,"comment_status":"closed","ping_status":"closed","template":"elementor_header_footer","meta":{"_acf_changed":false,"_eb_attr":"","inline_featured_image":false,"footnotes":""},"class_list":["post-2392","page","type-page","status-publish","hentry"],"acf":[],"yoast_head":"<!-- This site is optimized with the Yoast SEO plugin v27.4 - https:\/\/yoast.com\/product\/yoast-seo-wordpress\/ -->\n<title>Mednarodno sodelovanje - Visoka \u0160ola na Ptuju<\/title>\n<meta name=\"robots\" content=\"index, follow, max-snippet:-1, max-image-preview:large, max-video-preview:-1\" \/>\n<link rel=\"canonical\" href=\"https:\/\/vsptuj.si\/sl\/vs-ptuj\/mednarodno-sodelovanje\/\" \/>\n<meta property=\"og:locale\" content=\"sl_SI\" \/>\n<meta property=\"og:type\" content=\"article\" \/>\n<meta property=\"og:title\" content=\"Mednarodno sodelovanje - Visoka \u0160ola na Ptuju\" \/>\n<meta property=\"og:description\" content=\"Mednarodno sodelovanje Home Visoka \u0161ola na Ptuju ima sklenjene sporazume z mednarodnimi institucijami: INTERNATIONALES BIONIK ZENTRUM \u2013 BIONICS FOUNDATION (NEM\u010cIJA) GESELLSCHAFT FUR TECHNISCHE BIOLOGIE UND BIONIK (NEM\u010cIJA) BIONIC ENGINEERING NETWORK (NEM\u010cIJA) ACADEMIE FUR WIRTSCHAFT UND VERWALTUNG GMBH (NEM\u010cIJA) FACHHOCHSCHULE DREDSEDN (NEM\u010cIJA) AKADEMIE FUR BERUFLICHE MILDUNG GGMBH (AFBB) (NEM\u010cIJA) \u00a0 TURIBA UNIVERSITY (LATVIJA) INSTITUTE FOR SUSTAINABLE [&hellip;]\" \/>\n<meta property=\"og:url\" content=\"https:\/\/vsptuj.si\/sl\/vs-ptuj\/mednarodno-sodelovanje\/\" \/>\n<meta property=\"og:site_name\" content=\"Visoka \u0160ola na Ptuju\" \/>\n<meta property=\"article:modified_time\" content=\"2023-11-29T12:24:51+00:00\" \/>\n<meta property=\"og:image\" content=\"https:\/\/vsptuj.si\/wp-content\/uploads\/2021\/04\/bionik-zentrum-300x109.jpg\" \/>\n<meta name=\"twitter:card\" content=\"summary_large_image\" \/>\n<meta name=\"twitter:label1\" content=\"Est. reading time\" \/>\n\t<meta name=\"twitter:data1\" content=\"2 minuti\" \/>\n<script type=\"application\/ld+json\" class=\"yoast-schema-graph\">{\"@context\":\"https:\\\/\\\/schema.org\",\"@graph\":[{\"@type\":\"WebPage\",\"@id\":\"https:\\\/\\\/vsptuj.si\\\/vs-ptuj\\\/mednarodno-sodelovanje\\\/\",\"url\":\"https:\\\/\\\/vsptuj.si\\\/vs-ptuj\\\/mednarodno-sodelovanje\\\/\",\"name\":\"Mednarodno sodelovanje - Visoka \u0160ola na Ptuju\",\"isPartOf\":{\"@id\":\"https:\\\/\\\/vsptuj.si\\\/#website\"},\"primaryImageOfPage\":{\"@id\":\"https:\\\/\\\/vsptuj.si\\\/vs-ptuj\\\/mednarodno-sodelovanje\\\/#primaryimage\"},\"image\":{\"@id\":\"https:\\\/\\\/vsptuj.si\\\/vs-ptuj\\\/mednarodno-sodelovanje\\\/#primaryimage\"},\"thumbnailUrl\":\"https:\\\/\\\/vsptuj.si\\\/wp-content\\\/uploads\\\/2021\\\/04\\\/bionik-zentrum-300x109.jpg\",\"datePublished\":\"2021-03-31T23:05:36+00:00\",\"dateModified\":\"2023-11-29T12:24:51+00:00\",\"breadcrumb\":{\"@id\":\"https:\\\/\\\/vsptuj.si\\\/vs-ptuj\\\/mednarodno-sodelovanje\\\/#breadcrumb\"},\"inLanguage\":\"sl-SI\",\"potentialAction\":[{\"@type\":\"ReadAction\",\"target\":[\"https:\\\/\\\/vsptuj.si\\\/vs-ptuj\\\/mednarodno-sodelovanje\\\/\"]}]},{\"@type\":\"ImageObject\",\"inLanguage\":\"sl-SI\",\"@id\":\"https:\\\/\\\/vsptuj.si\\\/vs-ptuj\\\/mednarodno-sodelovanje\\\/#primaryimage\",\"url\":\"https:\\\/\\\/vsptuj.si\\\/wp-content\\\/uploads\\\/2021\\\/04\\\/bionik-zentrum-300x109.jpg\",\"contentUrl\":\"https:\\\/\\\/vsptuj.si\\\/wp-content\\\/uploads\\\/2021\\\/04\\\/bionik-zentrum-300x109.jpg\"},{\"@type\":\"BreadcrumbList\",\"@id\":\"https:\\\/\\\/vsptuj.si\\\/vs-ptuj\\\/mednarodno-sodelovanje\\\/#breadcrumb\",\"itemListElement\":[{\"@type\":\"ListItem\",\"position\":1,\"name\":\"Home\",\"item\":\"https:\\\/\\\/vsptuj.si\\\/\"},{\"@type\":\"ListItem\",\"position\":2,\"name\":\"V\u0160 Ptuj\",\"item\":\"https:\\\/\\\/vsptuj.si\\\/vs-ptuj\\\/\"},{\"@type\":\"ListItem\",\"position\":3,\"name\":\"Mednarodno sodelovanje\"}]},{\"@type\":\"WebSite\",\"@id\":\"https:\\\/\\\/vsptuj.si\\\/#website\",\"url\":\"https:\\\/\\\/vsptuj.si\\\/\",\"name\":\"Visoka \u0160ola na Ptuju\",\"description\":\"Bionika v tehniki\",\"potentialAction\":[{\"@type\":\"SearchAction\",\"target\":{\"@type\":\"EntryPoint\",\"urlTemplate\":\"https:\\\/\\\/vsptuj.si\\\/?s={search_term_string}\"},\"query-input\":{\"@type\":\"PropertyValueSpecification\",\"valueRequired\":true,\"valueName\":\"search_term_string\"}}],\"inLanguage\":\"sl-SI\"}]}<\/script>\n<!-- \/ Yoast SEO plugin. -->","yoast_head_json":{"title":"Mednarodno sodelovanje - Visoka \u0160ola na Ptuju","robots":{"index":"index","follow":"follow","max-snippet":"max-snippet:-1","max-image-preview":"max-image-preview:large","max-video-preview":"max-video-preview:-1"},"canonical":"https:\/\/vsptuj.si\/sl\/vs-ptuj\/mednarodno-sodelovanje\/","og_locale":"sl_SI","og_type":"article","og_title":"Mednarodno sodelovanje - Visoka \u0160ola na Ptuju","og_description":"Mednarodno sodelovanje Home Visoka \u0161ola na Ptuju ima sklenjene sporazume z mednarodnimi institucijami: INTERNATIONALES BIONIK ZENTRUM \u2013 BIONICS FOUNDATION (NEM\u010cIJA) GESELLSCHAFT FUR TECHNISCHE BIOLOGIE UND BIONIK (NEM\u010cIJA) BIONIC ENGINEERING NETWORK (NEM\u010cIJA) ACADEMIE FUR WIRTSCHAFT UND VERWALTUNG GMBH (NEM\u010cIJA) FACHHOCHSCHULE DREDSEDN (NEM\u010cIJA) AKADEMIE FUR BERUFLICHE MILDUNG GGMBH (AFBB) (NEM\u010cIJA) \u00a0 TURIBA UNIVERSITY (LATVIJA) INSTITUTE FOR SUSTAINABLE [&hellip;]","og_url":"https:\/\/vsptuj.si\/sl\/vs-ptuj\/mednarodno-sodelovanje\/","og_site_name":"Visoka \u0160ola na Ptuju","article_modified_time":"2023-11-29T12:24:51+00:00","og_image":[{"url":"https:\/\/vsptuj.si\/wp-content\/uploads\/2021\/04\/bionik-zentrum-300x109.jpg","type":"","width":"","height":""}],"twitter_card":"summary_large_image","twitter_misc":{"Est. reading time":"2 minuti"},"schema":{"@context":"https:\/\/schema.org","@graph":[{"@type":"WebPage","@id":"https:\/\/vsptuj.si\/vs-ptuj\/mednarodno-sodelovanje\/","url":"https:\/\/vsptuj.si\/vs-ptuj\/mednarodno-sodelovanje\/","name":"Mednarodno sodelovanje - Visoka \u0160ola na Ptuju","isPartOf":{"@id":"https:\/\/vsptuj.si\/#website"},"primaryImageOfPage":{"@id":"https:\/\/vsptuj.si\/vs-ptuj\/mednarodno-sodelovanje\/#primaryimage"},"image":{"@id":"https:\/\/vsptuj.si\/vs-ptuj\/mednarodno-sodelovanje\/#primaryimage"},"thumbnailUrl":"https:\/\/vsptuj.si\/wp-content\/uploads\/2021\/04\/bionik-zentrum-300x109.jpg","datePublished":"2021-03-31T23:05:36+00:00","dateModified":"2023-11-29T12:24:51+00:00","breadcrumb":{"@id":"https:\/\/vsptuj.si\/vs-ptuj\/mednarodno-sodelovanje\/#breadcrumb"},"inLanguage":"sl-SI","potentialAction":[{"@type":"ReadAction","target":["https:\/\/vsptuj.si\/vs-ptuj\/mednarodno-sodelovanje\/"]}]},{"@type":"ImageObject","inLanguage":"sl-SI","@id":"https:\/\/vsptuj.si\/vs-ptuj\/mednarodno-sodelovanje\/#primaryimage","url":"https:\/\/vsptuj.si\/wp-content\/uploads\/2021\/04\/bionik-zentrum-300x109.jpg","contentUrl":"https:\/\/vsptuj.si\/wp-content\/uploads\/2021\/04\/bionik-zentrum-300x109.jpg"},{"@type":"BreadcrumbList","@id":"https:\/\/vsptuj.si\/vs-ptuj\/mednarodno-sodelovanje\/#breadcrumb","itemListElement":[{"@type":"ListItem","position":1,"name":"Home","item":"https:\/\/vsptuj.si\/"},{"@type":"ListItem","position":2,"name":"V\u0160 Ptuj","item":"https:\/\/vsptuj.si\/vs-ptuj\/"},{"@type":"ListItem","position":3,"name":"Mednarodno sodelovanje"}]},{"@type":"WebSite","@id":"https:\/\/vsptuj.si\/#website","url":"https:\/\/vsptuj.si\/","name":"Visoka \u0160ola na Ptuju","description":"Bionika v tehniki","potentialAction":[{"@type":"SearchAction","target":{"@type":"EntryPoint","urlTemplate":"https:\/\/vsptuj.si\/?s={search_term_string}"},"query-input":{"@type":"PropertyValueSpecification","valueRequired":true,"valueName":"search_term_string"}}],"inLanguage":"sl-SI"}]}},"_links":{"self":[{"href":"https:\/\/vsptuj.si\/sl\/wp-json\/wp\/v2\/pages\/2392","targetHints":{"allow":["GET"]}}],"collection":[{"href":"https:\/\/vsptuj.si\/sl\/wp-json\/wp\/v2\/pages"}],"about":[{"href":"https:\/\/vsptuj.si\/sl\/wp-json\/wp\/v2\/types\/page"}],"author":[{"embeddable":true,"href":"https:\/\/vsptuj.si\/sl\/wp-json\/wp\/v2\/users\/2"}],"replies":[{"embeddable":true,"href":"https:\/\/vsptuj.si\/sl\/wp-json\/wp\/v2\/comments?post=2392"}],"version-history":[{"count":40,"href":"https:\/\/vsptuj.si\/sl\/wp-json\/wp\/v2\/pages\/2392\/revisions"}],"predecessor-version":[{"id":4242,"href":"https:\/\/vsptuj.si\/sl\/wp-json\/wp\/v2\/pages\/2392\/revisions\/4242"}],"up":[{"embeddable":true,"href":"https:\/\/vsptuj.si\/sl\/wp-json\/wp\/v2\/pages\/2331"}],"wp:attachment":[{"href":"https:\/\/vsptuj.si\/sl\/wp-json\/wp\/v2\/media?parent=2392"}],"curies":[{"name":"wp","href":"https:\/\/api.w.org\/{rel}","templated":true}]}}