{"id":2341,"date":"2021-03-31T22:23:45","date_gmt":"2021-03-31T22:23:45","guid":{"rendered":"https:\/\/vsptuj.si\/?page_id=2341"},"modified":"2024-04-24T15:26:40","modified_gmt":"2024-04-24T13:26:40","slug":"poslanstvo-vizija-in-strategija","status":"publish","type":"page","link":"https:\/\/vsptuj.si\/sl\/vs-ptuj\/poslanstvo-vizija-in-strategija\/","title":{"rendered":"Poslanstvo, vizija in strategija"},"content":{"rendered":"\t\t<div data-elementor-type=\"wp-page\" data-elementor-id=\"2341\" class=\"elementor elementor-2341\">\n\t\t\t\t\t\t<section class=\"elementor-section elementor-top-section elementor-element elementor-element-b85e35e elementor-section-height-min-height elementor-section-items-stretch elementor-section-boxed elementor-section-height-default\" data-id=\"b85e35e\" data-element_type=\"section\" data-e-type=\"section\" data-settings=\"{&quot;jet_parallax_layout_list&quot;:[{&quot;jet_parallax_layout_image&quot;:{&quot;url&quot;:&quot;&quot;,&quot;id&quot;:&quot;&quot;,&quot;size&quot;:&quot;&quot;},&quot;_id&quot;:&quot;494eb87&quot;,&quot;jet_parallax_layout_speed&quot;:{&quot;unit&quot;:&quot;%&quot;,&quot;size&quot;:&quot;50&quot;,&quot;sizes&quot;:[]},&quot;jet_parallax_layout_bg_x&quot;:&quot;50&quot;,&quot;jet_parallax_layout_bg_y&quot;:&quot;50&quot;,&quot;jet_parallax_layout_image_tablet&quot;:{&quot;url&quot;:&quot;&quot;,&quot;id&quot;:&quot;&quot;,&quot;size&quot;:&quot;&quot;},&quot;jet_parallax_layout_image_mobile&quot;:{&quot;url&quot;:&quot;&quot;,&quot;id&quot;:&quot;&quot;,&quot;size&quot;:&quot;&quot;},&quot;jet_parallax_layout_type&quot;:&quot;scroll&quot;,&quot;jet_parallax_layout_direction&quot;:&quot;1&quot;,&quot;jet_parallax_layout_fx_direction&quot;:null,&quot;jet_parallax_layout_z_index&quot;:&quot;&quot;,&quot;jet_parallax_layout_bg_x_tablet&quot;:&quot;&quot;,&quot;jet_parallax_layout_bg_x_mobile&quot;:&quot;&quot;,&quot;jet_parallax_layout_bg_y_tablet&quot;:&quot;&quot;,&quot;jet_parallax_layout_bg_y_mobile&quot;:&quot;&quot;,&quot;jet_parallax_layout_bg_size&quot;:&quot;auto&quot;,&quot;jet_parallax_layout_bg_size_tablet&quot;:&quot;&quot;,&quot;jet_parallax_layout_bg_size_mobile&quot;:&quot;&quot;,&quot;jet_parallax_layout_animation_prop&quot;:&quot;transform&quot;,&quot;jet_parallax_layout_on&quot;:[&quot;desktop&quot;,&quot;tablet&quot;]}],&quot;background_background&quot;:&quot;classic&quot;}\">\n\t\t\t\t\t\t\t<div class=\"elementor-background-overlay\"><\/div>\n\t\t\t\t\t\t\t<div class=\"elementor-container elementor-column-gap-default\">\n\t\t\t\t\t<div class=\"elementor-column elementor-col-100 elementor-top-column elementor-element elementor-element-105720e\" data-id=\"105720e\" data-element_type=\"column\" data-e-type=\"column\">\n\t\t\t<div class=\"elementor-widget-wrap elementor-element-populated\">\n\t\t\t\t\t\t<div class=\"elementor-element elementor-element-4363580 elementor-align-center elementor-widget elementor-widget-raven-heading\" data-id=\"4363580\" data-element_type=\"widget\" data-e-type=\"widget\" data-settings=\"{&quot;htmega_fe&quot;:&quot;no&quot;}\" data-widget_type=\"raven-heading.default\">\n\t\t\t\t<div class=\"elementor-widget-container\">\n\t\t\t\t\t\t\t<div class=\"raven-widget-wrapper\"><h1 class=\"raven-heading raven-heading-h1\"><span class=\"raven-heading-title \">Poslanstvo, vizija in strategija<\/span><\/h1><\/div>\n\t\t\t\t\t\t<\/div>\n\t\t\t\t<\/div>\n\t\t\t\t<div class=\"elementor-element elementor-element-3afd13a elementor-align-center elementor-widget elementor-widget-raven-breadcrumbs\" data-id=\"3afd13a\" data-element_type=\"widget\" data-e-type=\"widget\" data-settings=\"{&quot;htmega_fe&quot;:&quot;no&quot;}\" data-widget_type=\"raven-breadcrumbs.default\">\n\t\t\t\t<div class=\"elementor-widget-container\">\n\t\t\t\t\t<div class=\"raven-breadcrumbs raven-breadcrumbs-default\"><p class=\"breadcrumb\">\t\t\t\t<span class=\"breadcrumb-item active\" aria-current=\"page\"><span>Home<\/span><\/span>\n\n\t\t\t\t<\/p><\/div>\t\t\t\t<\/div>\n\t\t\t\t<\/div>\n\t\t\t\t\t<\/div>\n\t\t<\/div>\n\t\t\t\t\t<\/div>\n\t\t<\/section>\n\t\t\t\t<section class=\"elementor-section elementor-top-section elementor-element elementor-element-a56ce08 elementor-section-boxed elementor-section-height-default elementor-section-height-default\" data-id=\"a56ce08\" data-element_type=\"section\" data-e-type=\"section\" data-settings=\"{&quot;jet_parallax_layout_list&quot;:[{&quot;jet_parallax_layout_image&quot;:{&quot;url&quot;:&quot;&quot;,&quot;id&quot;:&quot;&quot;,&quot;size&quot;:&quot;&quot;},&quot;_id&quot;:&quot;79c27de&quot;,&quot;jet_parallax_layout_speed&quot;:{&quot;unit&quot;:&quot;%&quot;,&quot;size&quot;:&quot;50&quot;,&quot;sizes&quot;:[]},&quot;jet_parallax_layout_bg_x&quot;:&quot;50&quot;,&quot;jet_parallax_layout_bg_y&quot;:&quot;50&quot;,&quot;jet_parallax_layout_image_tablet&quot;:{&quot;url&quot;:&quot;&quot;,&quot;id&quot;:&quot;&quot;,&quot;size&quot;:&quot;&quot;},&quot;jet_parallax_layout_image_mobile&quot;:{&quot;url&quot;:&quot;&quot;,&quot;id&quot;:&quot;&quot;,&quot;size&quot;:&quot;&quot;},&quot;jet_parallax_layout_type&quot;:&quot;scroll&quot;,&quot;jet_parallax_layout_direction&quot;:&quot;1&quot;,&quot;jet_parallax_layout_fx_direction&quot;:null,&quot;jet_parallax_layout_z_index&quot;:&quot;&quot;,&quot;jet_parallax_layout_bg_x_tablet&quot;:&quot;&quot;,&quot;jet_parallax_layout_bg_x_mobile&quot;:&quot;&quot;,&quot;jet_parallax_layout_bg_y_tablet&quot;:&quot;&quot;,&quot;jet_parallax_layout_bg_y_mobile&quot;:&quot;&quot;,&quot;jet_parallax_layout_bg_size&quot;:&quot;auto&quot;,&quot;jet_parallax_layout_bg_size_tablet&quot;:&quot;&quot;,&quot;jet_parallax_layout_bg_size_mobile&quot;:&quot;&quot;,&quot;jet_parallax_layout_animation_prop&quot;:&quot;transform&quot;,&quot;jet_parallax_layout_on&quot;:[&quot;desktop&quot;,&quot;tablet&quot;]}]}\">\n\t\t\t\t\t\t<div class=\"elementor-container elementor-column-gap-default\">\n\t\t\t\t\t<div class=\"elementor-column elementor-col-100 elementor-top-column elementor-element elementor-element-5246129\" data-id=\"5246129\" data-element_type=\"column\" data-e-type=\"column\">\n\t\t\t<div class=\"elementor-widget-wrap elementor-element-populated\">\n\t\t\t\t\t\t<div class=\"elementor-element elementor-element-cfff553 elementor-align-left elementor-widget elementor-widget-raven-heading\" data-id=\"cfff553\" data-element_type=\"widget\" data-e-type=\"widget\" data-settings=\"{&quot;htmega_fe&quot;:&quot;no&quot;}\" data-widget_type=\"raven-heading.default\">\n\t\t\t\t<div class=\"elementor-widget-container\">\n\t\t\t\t\t\t\t<div class=\"raven-widget-wrapper\"><h3 class=\"raven-heading raven-heading-h3\"><span class=\"raven-heading-title \">Poslanstvo Visoke \u0161ole na Ptuju<\/span><\/h3><\/div>\n\t\t\t\t\t\t<\/div>\n\t\t\t\t<\/div>\n\t\t\t\t<div class=\"elementor-element elementor-element-46a0673 elementor-widget elementor-widget-text-editor\" data-id=\"46a0673\" data-element_type=\"widget\" data-e-type=\"widget\" data-settings=\"{&quot;htmega_fe&quot;:&quot;no&quot;}\" data-widget_type=\"text-editor.default\">\n\t\t\t\t<div class=\"elementor-widget-container\">\n\t\t\t\t\t\t\t\t\t<p><span style=\"font-family: var( --e-global-typography-text-font-family ), Sans-serif; font-size: var( --e-global-typography-text-font-size );\">Kot poslanstvo zavoda opredeljujemo pojem vse\u017eivljenjskega u\u010denja v smeri zagotavljanja kakovostnega izobra\u017eevanja in usposabljanja s podro\u010dja tehnike in naravoslovja, pri \u010demer kot izziv postavljamo uvr\u0161\u010danje pomena zaposljivosti diplomantov v kontekst \u0161tudijskih programov.<\/span><\/p>\t\t\t\t\t\t\t\t<\/div>\n\t\t\t\t<\/div>\n\t\t\t\t<div class=\"elementor-element elementor-element-34cc74e elementor-align-left elementor-widget elementor-widget-raven-heading\" data-id=\"34cc74e\" data-element_type=\"widget\" data-e-type=\"widget\" data-settings=\"{&quot;htmega_fe&quot;:&quot;no&quot;}\" data-widget_type=\"raven-heading.default\">\n\t\t\t\t<div class=\"elementor-widget-container\">\n\t\t\t\t\t\t\t<div class=\"raven-widget-wrapper\"><h3 class=\"raven-heading raven-heading-h3\"><span class=\"raven-heading-title \">Vizija Visoke \u0161ole na Ptuju<\/span><\/h3><\/div>\n\t\t\t\t\t\t<\/div>\n\t\t\t\t<\/div>\n\t\t\t\t<div class=\"elementor-element elementor-element-fa7bb27 elementor-widget elementor-widget-text-editor\" data-id=\"fa7bb27\" data-element_type=\"widget\" data-e-type=\"widget\" data-settings=\"{&quot;htmega_fe&quot;:&quot;no&quot;}\" data-widget_type=\"text-editor.default\">\n\t\t\t\t<div class=\"elementor-widget-container\">\n\t\t\t\t\t\t\t\t\t<p><span style=\"font-family: var( --e-global-typography-text-font-family ), Sans-serif; font-size: var( --e-global-typography-text-font-size );\">Postati in ostati ugledna in mednarodno priznana izobra\u017eevalna institucija, ki \u0161tudentom omogo\u010da, da izrabijo in polno razvijejo svoje sposobnosti prilagojene potrebam trga dela ter dru\u017ebenemu in tehnolo\u0161kemu razvoju.<\/span><\/p><p>Vizijo bomo skupaj z zaposlenimi uresni\u010devali z naslednjimi ukrepi:<\/p><p>Zaposlene bomo spodbujali k razvijanju novih metod dela, na\u010drtovanju osebnostnega profesionalnega razvoja, jih usposobili za timsko delo in skupno na\u010drtovanje.<\/p><p>Razvoj \u0161ole bomo usmerjali skladno z razvojem mikro in makro okolja na podro\u010dju novih tehnologij ter v skladu s smernicami regionalnega koncepta vse\u017eivljenjskega u\u010denja.<\/p><p>Pridobivali bomo nove izobra\u017eevalne programe, prilagojene potrebam trga dela.<\/p><p>Razvijali bomo nove programe usposabljanja za odrasle in s tem zmanj\u0161evali razkorak med ponudbo trga dela ter potrebami podjetij.<\/p><p>Z vklju\u010devanjem v nacionalne projekte bomo krepili sodelovanje z drugimi institucijami ter socialnimi partnerji.<\/p><p>Z vklju\u010devanjem v mednarodne projekte bomo pridobivali izku\u0161nje in prena\u0161ali primere dobre prakse, \u0161tudentom in predavateljem bomo omogo\u010dali mednarodne izmenjave.<\/p>\t\t\t\t\t\t\t\t<\/div>\n\t\t\t\t<\/div>\n\t\t\t\t<div class=\"elementor-element elementor-element-67d909a elementor-align-left elementor-widget elementor-widget-raven-heading\" data-id=\"67d909a\" data-element_type=\"widget\" data-e-type=\"widget\" data-settings=\"{&quot;htmega_fe&quot;:&quot;no&quot;}\" data-widget_type=\"raven-heading.default\">\n\t\t\t\t<div class=\"elementor-widget-container\">\n\t\t\t\t\t\t\t<div class=\"raven-widget-wrapper\"><h3 class=\"raven-heading raven-heading-h3\"><span class=\"raven-heading-title \">Strategija Visoke \u0161ole na Ptuju\n<\/span><\/h3><\/div>\n\t\t\t\t\t\t<\/div>\n\t\t\t\t<\/div>\n\t\t\t\t<div class=\"elementor-element elementor-element-0efbe3a elementor-widget elementor-widget-text-editor\" data-id=\"0efbe3a\" data-element_type=\"widget\" data-e-type=\"widget\" data-settings=\"{&quot;htmega_fe&quot;:&quot;no&quot;}\" data-widget_type=\"text-editor.default\">\n\t\t\t\t<div class=\"elementor-widget-container\">\n\t\t\t\t\t\t\t\t\t<p><span style=\"font-family: var( --e-global-typography-text-font-family ), Sans-serif; font-size: var( --e-global-typography-text-font-size );\">Osnovni cilj Visoke \u0161ole na Ptuju je kakovost in odli\u010dnost, raznovrstnost ter dostopnost. Pri svojem delovanju bo sodelovala z raziskovalnimi zavodi ter gospodarstvom in negospodarstvom ter posebno pozornost namenjala bolj\u0161emu kadrovskemu sodelovanju med posameznimi institucijami znanja. Med drugim je pomemben cilj tudi prepoznavati potrebne zahteve in potrebe delodajalcev po znanjih in usposobljenosti zaposlenih in bodo\u010dih zaposlenih, ter krepiti zavedanje, da posamezniki z u\u010denjem pove\u010dujejo zaupanje vase, razvijajo ustvarjalnost, podjetnost, spretnosti in kvalifikacije, ki jih potrebujejo za aktivno udele\u017ebo v gospodarskem in dru\u017ebenem \u017eivljenju. Visoka \u0161ola na Ptuju tako zapolnjuje \u0161tevilne \u0161e neizkori\u0161\u010dene mo\u017enosti v razvoju interdisciplinarnih ved (primer bionike) na nacionalnem nivoju ter oblikuje znanstveno izobra\u017eevalno institucijo, ki se uspe\u0161no vklju\u010duje v mednarodno okolje in novodobne usmeritve. Na\u0161i cilji so usmerjeni v razvoj in povezovanje vseh podro\u010dij izobra\u017eevalnega in znanstveno raziskovalnega dela na razli\u010dnih ravneh:\u00a0<\/span><\/p><p>na lokalni in regionalni ravni, na nacionalni ravni v smislu pomena razvoja sodobnih interdisciplinarnih ved na podro\u010dju Slovenije ter s prispevkom k pove\u010devanju razvojnih zmogljivosti na\u0161e dr\u017eave ter s tem konkuren\u010dnosti slovenskega gospodarstva zlasti pri razvoju napredne tehnolo\u0161ke dru\u017ebe. Na mednarodni ravni so na\u0161i cilji usmerjeni v povezovanje z tujimi institucijami (raziskovalnimi, gospodarskimi in drugimi) v \u0161ir\u0161em evropskem in globalnem prostoru, s \u010dimer bomo \u0161irili mre\u017eo znanj ter dostopnosti do novih dose\u017ekov na podro\u010dju interdisciplinarnih ved.<\/p><p>Visoka \u0161ola na Ptuju bo s svojimi aktivnostmi vplivala na pospe\u0161evanje realizacijo ciljev Regionalnega razvojnega programa za Podravje in Obmo\u010dnega razvojnega programa za Spodnje Podravje na podro\u010dju znanja oz. \u010dlove\u0161kih virov, ki bodo prispevali k premagovanju dolo\u010dene problematike na regionalnem nivoju: nizka izobrazbena struktura prebivalstva, ki ovira razvoj, visoko izobra\u017eeni kadri ostajajo v drugih univerzitetnih centrih, strukturno neskladje na trgu dela, pomanjkanje dolo\u010denih strokovnih profilov, nezadostna povezanost izobra\u017eevalnega in raziskovalnega dela z okoljem in premalo razvito vse \u017eivljenjsko izobra\u017eevanje.<\/p><p>Koncept Visoke \u0161ole na Ptuju je zasnovan tako, da bo lahko z raziskovalnim in s pedago\u0161kim delom prispevala k pove\u010devanju razvojnih kapacitet v svoji regiji ter na nacionalnem nivoju celotne Slovenije. Na podlagi analiz potreb gospodarskih dru\u017eb je potrebno organizirati nove smeri izobra\u017eevanja, hkrati pa spodbuditi mlade, brezposelne in \u017ee zaposlene za vklju\u010ditev v te programe. Na obmo\u010dju Spodnjega Podravja je velika potreba po novih visoko\u0161olskih programih. Cilj je uvajanje programov, ki odgovarjajo potrebam gospodarstva.<\/p><p>Prek svojih predstavnikov v senatu in \u0161tudentskem svetu bodo tudi \u0161tudentje imeli mo\u017enost aktivno izra\u017eati svoj interes pri posodobitvi \u0161tudijskih programov. \u0160tudentom bodo na voljo: svetovalne storitve, povezane z vpisom, mo\u017enost priznavanja izpitov z drugih \u0161tudijskih programov, pomo\u010d pri sklepanju pogodb za opravljanje prakti\u010dnega dela ipd. Spodbujali bomo tudi mobilnost \u0161tudentov. V samoevalvacijskih postopkih, ki jih bomo izvajali najmanj enkrat v \u0161tudijskem letu, bodo \u0161tudentje ocenjevali delo predavateljev pri posameznem predmetu, u\u010dno literaturo, institucijo kot celoto, vodstvo zavoda in odnos zaposlenih. Rezultati samoevalvacije se bodo vsako leto analizirali. S poro\u010dilom pa se bodo seznanili vsi dele\u017eniki.<\/p>\t\t\t\t\t\t\t\t<\/div>\n\t\t\t\t<\/div>\n\t\t\t\t\t<\/div>\n\t\t<\/div>\n\t\t\t\t\t<\/div>\n\t\t<\/section>\n\t\t\t\t<\/div>\n\t\t","protected":false},"excerpt":{"rendered":"<p>Poslanstvo, vizija in strategija Home Poslanstvo Visoke \u0161ole na Ptuju Kot poslanstvo zavoda opredeljujemo pojem vse\u017eivljenjskega u\u010denja v smeri zagotavljanja kakovostnega izobra\u017eevanja in usposabljanja s podro\u010dja tehnike in naravoslovja, pri \u010demer kot izziv postavljamo uvr\u0161\u010danje pomena zaposljivosti diplomantov v kontekst \u0161tudijskih programov. Vizija Visoke \u0161ole na Ptuju Postati in ostati ugledna in mednarodno priznana izobra\u017eevalna [&hellip;]<\/p>\n","protected":false},"author":2,"featured_media":0,"parent":2331,"menu_order":0,"comment_status":"closed","ping_status":"closed","template":"elementor_header_footer","meta":{"_acf_changed":false,"_eb_attr":"","inline_featured_image":false,"footnotes":""},"class_list":["post-2341","page","type-page","status-publish","hentry"],"acf":[],"yoast_head":"<!-- This site is optimized with the Yoast SEO plugin v27.5 - https:\/\/yoast.com\/product\/yoast-seo-wordpress\/ -->\n<title>Poslanstvo, vizija in strategija - Visoka \u0160ola na Ptuju<\/title>\n<meta name=\"robots\" content=\"index, follow, max-snippet:-1, max-image-preview:large, max-video-preview:-1\" \/>\n<link rel=\"canonical\" href=\"https:\/\/vsptuj.si\/sl\/vs-ptuj\/poslanstvo-vizija-in-strategija\/\" \/>\n<meta property=\"og:locale\" content=\"sl_SI\" \/>\n<meta property=\"og:type\" content=\"article\" \/>\n<meta property=\"og:title\" content=\"Poslanstvo, vizija in strategija - Visoka \u0160ola na Ptuju\" \/>\n<meta property=\"og:description\" content=\"Poslanstvo, vizija in strategija Home Poslanstvo Visoke \u0161ole na Ptuju Kot poslanstvo zavoda opredeljujemo pojem vse\u017eivljenjskega u\u010denja v smeri zagotavljanja kakovostnega izobra\u017eevanja in usposabljanja s podro\u010dja tehnike in naravoslovja, pri \u010demer kot izziv postavljamo uvr\u0161\u010danje pomena zaposljivosti diplomantov v kontekst \u0161tudijskih programov. Vizija Visoke \u0161ole na Ptuju Postati in ostati ugledna in mednarodno priznana izobra\u017eevalna [&hellip;]\" \/>\n<meta property=\"og:url\" content=\"https:\/\/vsptuj.si\/sl\/vs-ptuj\/poslanstvo-vizija-in-strategija\/\" \/>\n<meta property=\"og:site_name\" content=\"Visoka \u0160ola na Ptuju\" \/>\n<meta property=\"article:modified_time\" content=\"2024-04-24T13:26:40+00:00\" \/>\n<meta name=\"twitter:card\" content=\"summary_large_image\" \/>\n<meta name=\"twitter:label1\" content=\"Est. reading time\" \/>\n\t<meta name=\"twitter:data1\" content=\"4 minute\" \/>\n<script type=\"application\/ld+json\" class=\"yoast-schema-graph\">{\"@context\":\"https:\\\/\\\/schema.org\",\"@graph\":[{\"@type\":\"WebPage\",\"@id\":\"https:\\\/\\\/vsptuj.si\\\/vs-ptuj\\\/poslanstvo-vizija-in-strategija\\\/\",\"url\":\"https:\\\/\\\/vsptuj.si\\\/vs-ptuj\\\/poslanstvo-vizija-in-strategija\\\/\",\"name\":\"Poslanstvo, vizija in strategija - Visoka \u0160ola na Ptuju\",\"isPartOf\":{\"@id\":\"https:\\\/\\\/vsptuj.si\\\/#website\"},\"datePublished\":\"2021-03-31T22:23:45+00:00\",\"dateModified\":\"2024-04-24T13:26:40+00:00\",\"breadcrumb\":{\"@id\":\"https:\\\/\\\/vsptuj.si\\\/vs-ptuj\\\/poslanstvo-vizija-in-strategija\\\/#breadcrumb\"},\"inLanguage\":\"sl-SI\",\"potentialAction\":[{\"@type\":\"ReadAction\",\"target\":[\"https:\\\/\\\/vsptuj.si\\\/vs-ptuj\\\/poslanstvo-vizija-in-strategija\\\/\"]}]},{\"@type\":\"BreadcrumbList\",\"@id\":\"https:\\\/\\\/vsptuj.si\\\/vs-ptuj\\\/poslanstvo-vizija-in-strategija\\\/#breadcrumb\",\"itemListElement\":[{\"@type\":\"ListItem\",\"position\":1,\"name\":\"Home\",\"item\":\"https:\\\/\\\/vsptuj.si\\\/\"},{\"@type\":\"ListItem\",\"position\":2,\"name\":\"V\u0160 Ptuj\",\"item\":\"https:\\\/\\\/vsptuj.si\\\/vs-ptuj\\\/\"},{\"@type\":\"ListItem\",\"position\":3,\"name\":\"Poslanstvo, vizija in strategija\"}]},{\"@type\":\"WebSite\",\"@id\":\"https:\\\/\\\/vsptuj.si\\\/#website\",\"url\":\"https:\\\/\\\/vsptuj.si\\\/\",\"name\":\"Visoka \u0160ola na Ptuju\",\"description\":\"Bionika v tehniki\",\"potentialAction\":[{\"@type\":\"SearchAction\",\"target\":{\"@type\":\"EntryPoint\",\"urlTemplate\":\"https:\\\/\\\/vsptuj.si\\\/?s={search_term_string}\"},\"query-input\":{\"@type\":\"PropertyValueSpecification\",\"valueRequired\":true,\"valueName\":\"search_term_string\"}}],\"inLanguage\":\"sl-SI\"}]}<\/script>\n<!-- \/ Yoast SEO plugin. -->","yoast_head_json":{"title":"Poslanstvo, vizija in strategija - Visoka \u0160ola na Ptuju","robots":{"index":"index","follow":"follow","max-snippet":"max-snippet:-1","max-image-preview":"max-image-preview:large","max-video-preview":"max-video-preview:-1"},"canonical":"https:\/\/vsptuj.si\/sl\/vs-ptuj\/poslanstvo-vizija-in-strategija\/","og_locale":"sl_SI","og_type":"article","og_title":"Poslanstvo, vizija in strategija - Visoka \u0160ola na Ptuju","og_description":"Poslanstvo, vizija in strategija Home Poslanstvo Visoke \u0161ole na Ptuju Kot poslanstvo zavoda opredeljujemo pojem vse\u017eivljenjskega u\u010denja v smeri zagotavljanja kakovostnega izobra\u017eevanja in usposabljanja s podro\u010dja tehnike in naravoslovja, pri \u010demer kot izziv postavljamo uvr\u0161\u010danje pomena zaposljivosti diplomantov v kontekst \u0161tudijskih programov. Vizija Visoke \u0161ole na Ptuju Postati in ostati ugledna in mednarodno priznana izobra\u017eevalna [&hellip;]","og_url":"https:\/\/vsptuj.si\/sl\/vs-ptuj\/poslanstvo-vizija-in-strategija\/","og_site_name":"Visoka \u0160ola na Ptuju","article_modified_time":"2024-04-24T13:26:40+00:00","twitter_card":"summary_large_image","twitter_misc":{"Est. reading time":"4 minute"},"schema":{"@context":"https:\/\/schema.org","@graph":[{"@type":"WebPage","@id":"https:\/\/vsptuj.si\/vs-ptuj\/poslanstvo-vizija-in-strategija\/","url":"https:\/\/vsptuj.si\/vs-ptuj\/poslanstvo-vizija-in-strategija\/","name":"Poslanstvo, vizija in strategija - Visoka \u0160ola na Ptuju","isPartOf":{"@id":"https:\/\/vsptuj.si\/#website"},"datePublished":"2021-03-31T22:23:45+00:00","dateModified":"2024-04-24T13:26:40+00:00","breadcrumb":{"@id":"https:\/\/vsptuj.si\/vs-ptuj\/poslanstvo-vizija-in-strategija\/#breadcrumb"},"inLanguage":"sl-SI","potentialAction":[{"@type":"ReadAction","target":["https:\/\/vsptuj.si\/vs-ptuj\/poslanstvo-vizija-in-strategija\/"]}]},{"@type":"BreadcrumbList","@id":"https:\/\/vsptuj.si\/vs-ptuj\/poslanstvo-vizija-in-strategija\/#breadcrumb","itemListElement":[{"@type":"ListItem","position":1,"name":"Home","item":"https:\/\/vsptuj.si\/"},{"@type":"ListItem","position":2,"name":"V\u0160 Ptuj","item":"https:\/\/vsptuj.si\/vs-ptuj\/"},{"@type":"ListItem","position":3,"name":"Poslanstvo, vizija in strategija"}]},{"@type":"WebSite","@id":"https:\/\/vsptuj.si\/#website","url":"https:\/\/vsptuj.si\/","name":"Visoka \u0160ola na Ptuju","description":"Bionika v tehniki","potentialAction":[{"@type":"SearchAction","target":{"@type":"EntryPoint","urlTemplate":"https:\/\/vsptuj.si\/?s={search_term_string}"},"query-input":{"@type":"PropertyValueSpecification","valueRequired":true,"valueName":"search_term_string"}}],"inLanguage":"sl-SI"}]}},"_links":{"self":[{"href":"https:\/\/vsptuj.si\/sl\/wp-json\/wp\/v2\/pages\/2341","targetHints":{"allow":["GET"]}}],"collection":[{"href":"https:\/\/vsptuj.si\/sl\/wp-json\/wp\/v2\/pages"}],"about":[{"href":"https:\/\/vsptuj.si\/sl\/wp-json\/wp\/v2\/types\/page"}],"author":[{"embeddable":true,"href":"https:\/\/vsptuj.si\/sl\/wp-json\/wp\/v2\/users\/2"}],"replies":[{"embeddable":true,"href":"https:\/\/vsptuj.si\/sl\/wp-json\/wp\/v2\/comments?post=2341"}],"version-history":[{"count":19,"href":"https:\/\/vsptuj.si\/sl\/wp-json\/wp\/v2\/pages\/2341\/revisions"}],"predecessor-version":[{"id":4499,"href":"https:\/\/vsptuj.si\/sl\/wp-json\/wp\/v2\/pages\/2341\/revisions\/4499"}],"up":[{"embeddable":true,"href":"https:\/\/vsptuj.si\/sl\/wp-json\/wp\/v2\/pages\/2331"}],"wp:attachment":[{"href":"https:\/\/vsptuj.si\/sl\/wp-json\/wp\/v2\/media?parent=2341"}],"curies":[{"name":"wp","href":"https:\/\/api.w.org\/{rel}","templated":true}]}}