{"id":1359,"date":"2021-03-10T15:42:00","date_gmt":"2021-03-10T15:42:00","guid":{"rendered":"https:\/\/vsptuj.si\/?page_id=1359"},"modified":"2021-04-20T09:44:40","modified_gmt":"2021-04-20T09:44:40","slug":"pogoji-za-vpis","status":"publish","type":"page","link":"https:\/\/vsptuj.si\/sl\/studijski-program\/pogoji-za-vpis\/","title":{"rendered":"Pogoji za vpis"},"content":{"rendered":"\t\t<div data-elementor-type=\"wp-page\" data-elementor-id=\"1359\" class=\"elementor elementor-1359\">\n\t\t\t\t\t\t<section class=\"elementor-section elementor-top-section elementor-element elementor-element-b85e35e elementor-section-height-min-height elementor-section-items-stretch elementor-section-boxed elementor-section-height-default\" data-id=\"b85e35e\" data-element_type=\"section\" data-e-type=\"section\" data-settings=\"{&quot;jet_parallax_layout_list&quot;:[{&quot;jet_parallax_layout_image&quot;:{&quot;url&quot;:&quot;&quot;,&quot;id&quot;:&quot;&quot;,&quot;size&quot;:&quot;&quot;},&quot;_id&quot;:&quot;494eb87&quot;,&quot;jet_parallax_layout_speed&quot;:{&quot;unit&quot;:&quot;%&quot;,&quot;size&quot;:&quot;50&quot;,&quot;sizes&quot;:[]},&quot;jet_parallax_layout_bg_x&quot;:&quot;50&quot;,&quot;jet_parallax_layout_bg_y&quot;:&quot;50&quot;,&quot;jet_parallax_layout_image_tablet&quot;:{&quot;url&quot;:&quot;&quot;,&quot;id&quot;:&quot;&quot;,&quot;size&quot;:&quot;&quot;},&quot;jet_parallax_layout_image_mobile&quot;:{&quot;url&quot;:&quot;&quot;,&quot;id&quot;:&quot;&quot;,&quot;size&quot;:&quot;&quot;},&quot;jet_parallax_layout_type&quot;:&quot;scroll&quot;,&quot;jet_parallax_layout_direction&quot;:&quot;1&quot;,&quot;jet_parallax_layout_fx_direction&quot;:null,&quot;jet_parallax_layout_z_index&quot;:&quot;&quot;,&quot;jet_parallax_layout_bg_x_tablet&quot;:&quot;&quot;,&quot;jet_parallax_layout_bg_x_mobile&quot;:&quot;&quot;,&quot;jet_parallax_layout_bg_y_tablet&quot;:&quot;&quot;,&quot;jet_parallax_layout_bg_y_mobile&quot;:&quot;&quot;,&quot;jet_parallax_layout_bg_size&quot;:&quot;auto&quot;,&quot;jet_parallax_layout_bg_size_tablet&quot;:&quot;&quot;,&quot;jet_parallax_layout_bg_size_mobile&quot;:&quot;&quot;,&quot;jet_parallax_layout_animation_prop&quot;:&quot;transform&quot;,&quot;jet_parallax_layout_on&quot;:[&quot;desktop&quot;,&quot;tablet&quot;]}],&quot;background_background&quot;:&quot;classic&quot;}\">\n\t\t\t\t\t\t\t<div class=\"elementor-background-overlay\"><\/div>\n\t\t\t\t\t\t\t<div class=\"elementor-container elementor-column-gap-default\">\n\t\t\t\t\t<div class=\"elementor-column elementor-col-100 elementor-top-column elementor-element elementor-element-105720e\" data-id=\"105720e\" data-element_type=\"column\" data-e-type=\"column\">\n\t\t\t<div class=\"elementor-widget-wrap elementor-element-populated\">\n\t\t\t\t\t\t<div class=\"elementor-element elementor-element-4363580 elementor-align-center elementor-widget elementor-widget-raven-heading\" data-id=\"4363580\" data-element_type=\"widget\" data-e-type=\"widget\" data-settings=\"{&quot;htmega_fe&quot;:&quot;no&quot;}\" data-widget_type=\"raven-heading.default\">\n\t\t\t\t<div class=\"elementor-widget-container\">\n\t\t\t\t\t\t\t<div class=\"raven-widget-wrapper\"><h1 class=\"raven-heading raven-heading-h1\"><span class=\"raven-heading-title \">Pogoji za vpis<\/span><\/h1><\/div>\n\t\t\t\t\t\t<\/div>\n\t\t\t\t<\/div>\n\t\t\t\t<div class=\"elementor-element elementor-element-3afd13a elementor-align-center elementor-widget elementor-widget-raven-breadcrumbs\" data-id=\"3afd13a\" data-element_type=\"widget\" data-e-type=\"widget\" data-settings=\"{&quot;htmega_fe&quot;:&quot;no&quot;}\" data-widget_type=\"raven-breadcrumbs.default\">\n\t\t\t\t<div class=\"elementor-widget-container\">\n\t\t\t\t\t<div class=\"raven-breadcrumbs raven-breadcrumbs-default\"><p class=\"breadcrumb\">\t\t\t\t<span class=\"breadcrumb-item active\" aria-current=\"page\"><span>Home<\/span><\/span>\n\n\t\t\t\t<\/p><\/div>\t\t\t\t<\/div>\n\t\t\t\t<\/div>\n\t\t\t\t\t<\/div>\n\t\t<\/div>\n\t\t\t\t\t<\/div>\n\t\t<\/section>\n\t\t\t\t<section class=\"elementor-section elementor-top-section elementor-element elementor-element-a56ce08 elementor-section-boxed elementor-section-height-default elementor-section-height-default\" data-id=\"a56ce08\" data-element_type=\"section\" data-e-type=\"section\" data-settings=\"{&quot;jet_parallax_layout_list&quot;:[{&quot;jet_parallax_layout_image&quot;:{&quot;url&quot;:&quot;&quot;,&quot;id&quot;:&quot;&quot;,&quot;size&quot;:&quot;&quot;},&quot;_id&quot;:&quot;79c27de&quot;,&quot;jet_parallax_layout_speed&quot;:{&quot;unit&quot;:&quot;%&quot;,&quot;size&quot;:&quot;50&quot;,&quot;sizes&quot;:[]},&quot;jet_parallax_layout_bg_x&quot;:&quot;50&quot;,&quot;jet_parallax_layout_bg_y&quot;:&quot;50&quot;,&quot;jet_parallax_layout_image_tablet&quot;:{&quot;url&quot;:&quot;&quot;,&quot;id&quot;:&quot;&quot;,&quot;size&quot;:&quot;&quot;},&quot;jet_parallax_layout_image_mobile&quot;:{&quot;url&quot;:&quot;&quot;,&quot;id&quot;:&quot;&quot;,&quot;size&quot;:&quot;&quot;},&quot;jet_parallax_layout_type&quot;:&quot;scroll&quot;,&quot;jet_parallax_layout_direction&quot;:&quot;1&quot;,&quot;jet_parallax_layout_fx_direction&quot;:null,&quot;jet_parallax_layout_z_index&quot;:&quot;&quot;,&quot;jet_parallax_layout_bg_x_tablet&quot;:&quot;&quot;,&quot;jet_parallax_layout_bg_x_mobile&quot;:&quot;&quot;,&quot;jet_parallax_layout_bg_y_tablet&quot;:&quot;&quot;,&quot;jet_parallax_layout_bg_y_mobile&quot;:&quot;&quot;,&quot;jet_parallax_layout_bg_size&quot;:&quot;auto&quot;,&quot;jet_parallax_layout_bg_size_tablet&quot;:&quot;&quot;,&quot;jet_parallax_layout_bg_size_mobile&quot;:&quot;&quot;,&quot;jet_parallax_layout_animation_prop&quot;:&quot;transform&quot;,&quot;jet_parallax_layout_on&quot;:[&quot;desktop&quot;,&quot;tablet&quot;]}]}\">\n\t\t\t\t\t\t<div class=\"elementor-container elementor-column-gap-default\">\n\t\t\t\t\t<div class=\"elementor-column elementor-col-100 elementor-top-column elementor-element elementor-element-5246129\" data-id=\"5246129\" data-element_type=\"column\" data-e-type=\"column\">\n\t\t\t<div class=\"elementor-widget-wrap elementor-element-populated\">\n\t\t\t\t\t\t<div class=\"elementor-element elementor-element-3db69fd elementor-align-left elementor-widget elementor-widget-raven-heading\" data-id=\"3db69fd\" data-element_type=\"widget\" data-e-type=\"widget\" data-settings=\"{&quot;htmega_fe&quot;:&quot;no&quot;}\" data-widget_type=\"raven-heading.default\">\n\t\t\t\t<div class=\"elementor-widget-container\">\n\t\t\t\t\t\t\t<div class=\"raven-widget-wrapper\"><h3 class=\"raven-heading raven-heading-h3\"><span class=\"raven-heading-title \">Pogoji z vpis v 1. letnik<\/span><\/h3><\/div>\n\t\t\t\t\t\t<\/div>\n\t\t\t\t<\/div>\n\t\t\t\t<div class=\"elementor-element elementor-element-24358dd elementor-widget elementor-widget-text-editor\" data-id=\"24358dd\" data-element_type=\"widget\" data-e-type=\"widget\" data-settings=\"{&quot;htmega_fe&quot;:&quot;no&quot;}\" data-widget_type=\"text-editor.default\">\n\t\t\t\t<div class=\"elementor-widget-container\">\n\t\t\t\t\t\t\t\t\tV visoko\u0161olski strokovni \u0161tudijski program Bionika v tehniki se lahko vpi\u0161e kdor je opravil:\n\n<ul>\n<li>maturo,<\/li>\n<li>poklicno maturo,<\/li>\n<li>zaklju\u010dni izpit v kateremkoli \u0161tiriletnem srednje\u0161olskem izobra\u017eevanju.<\/li>\n<\/ul>\n\nV primeru ve\u010djega \u0161tevila kandidatov od razpisanih vpisnih mest bo sprejet sklep o omejitvi vpisa, tako da bodo kandidati izbrani glede na splo\u0161ni uspeh pri maturi, poklicni maturi oziroma zaklju\u010dnem izpitu, 60 % to\u010dk, in na splo\u0161ni uspeh v 3. in 4. letniku, 40 % to\u010dk.\t\t\t\t\t\t\t\t<\/div>\n\t\t\t\t<\/div>\n\t\t\t\t<div class=\"elementor-element elementor-element-f85e0e0 elementor-align-left elementor-widget elementor-widget-raven-heading\" data-id=\"f85e0e0\" data-element_type=\"widget\" data-e-type=\"widget\" data-settings=\"{&quot;htmega_fe&quot;:&quot;no&quot;}\" data-widget_type=\"raven-heading.default\">\n\t\t\t\t<div class=\"elementor-widget-container\">\n\t\t\t\t\t\t\t<div class=\"raven-widget-wrapper\"><h3 class=\"raven-heading raven-heading-h3\"><span class=\"raven-heading-title \">Pogoji za vpis v 2. letnik<\/span><\/h3><\/div>\n\t\t\t\t\t\t<\/div>\n\t\t\t\t<\/div>\n\t\t\t\t<div class=\"elementor-element elementor-element-5a4e401 elementor-widget elementor-widget-text-editor\" data-id=\"5a4e401\" data-element_type=\"widget\" data-e-type=\"widget\" data-settings=\"{&quot;htmega_fe&quot;:&quot;no&quot;}\" data-widget_type=\"text-editor.default\">\n\t\t\t\t<div class=\"elementor-widget-container\">\n\t\t\t\t\t\t\t\t\t<p>V program se lahko vpi\u0161ejo diplomanti vi\u0161je\u0161olskega strokovnega \u0161tudija, ki so kon\u010dali izobra\u017eevanje za pridobitev vi\u0161je\u0161olske strokovne izobrazbe po kateremkoli programu tehni\u0161ke usmeritve. Dolo\u010dijo se jim diferencialni izpiti iz tistih znanj, ki jih niso pridobili v predhodnem \u0161tudijskem programu. Opraviti jih morajo do vpisa v tretji letnik.<\/p>\t\t\t\t\t\t\t\t<\/div>\n\t\t\t\t<\/div>\n\t\t\t\t\t<\/div>\n\t\t<\/div>\n\t\t\t\t\t<\/div>\n\t\t<\/section>\n\t\t\t\t<section class=\"elementor-section elementor-top-section elementor-element elementor-element-4381d87 elementor-section-boxed elementor-section-height-default elementor-section-height-default\" data-id=\"4381d87\" data-element_type=\"section\" data-e-type=\"section\" data-settings=\"{&quot;jet_parallax_layout_list&quot;:[{&quot;jet_parallax_layout_image&quot;:{&quot;url&quot;:&quot;&quot;,&quot;id&quot;:&quot;&quot;,&quot;size&quot;:&quot;&quot;},&quot;_id&quot;:&quot;c6c291b&quot;,&quot;jet_parallax_layout_image_tablet&quot;:{&quot;url&quot;:&quot;&quot;,&quot;id&quot;:&quot;&quot;,&quot;size&quot;:&quot;&quot;},&quot;jet_parallax_layout_image_mobile&quot;:{&quot;url&quot;:&quot;&quot;,&quot;id&quot;:&quot;&quot;,&quot;size&quot;:&quot;&quot;},&quot;jet_parallax_layout_speed&quot;:{&quot;unit&quot;:&quot;%&quot;,&quot;size&quot;:50,&quot;sizes&quot;:[]},&quot;jet_parallax_layout_type&quot;:&quot;scroll&quot;,&quot;jet_parallax_layout_direction&quot;:&quot;1&quot;,&quot;jet_parallax_layout_fx_direction&quot;:null,&quot;jet_parallax_layout_z_index&quot;:&quot;&quot;,&quot;jet_parallax_layout_bg_x&quot;:50,&quot;jet_parallax_layout_bg_x_tablet&quot;:&quot;&quot;,&quot;jet_parallax_layout_bg_x_mobile&quot;:&quot;&quot;,&quot;jet_parallax_layout_bg_y&quot;:50,&quot;jet_parallax_layout_bg_y_tablet&quot;:&quot;&quot;,&quot;jet_parallax_layout_bg_y_mobile&quot;:&quot;&quot;,&quot;jet_parallax_layout_bg_size&quot;:&quot;auto&quot;,&quot;jet_parallax_layout_bg_size_tablet&quot;:&quot;&quot;,&quot;jet_parallax_layout_bg_size_mobile&quot;:&quot;&quot;,&quot;jet_parallax_layout_animation_prop&quot;:&quot;transform&quot;,&quot;jet_parallax_layout_on&quot;:[&quot;desktop&quot;,&quot;tablet&quot;]}]}\">\n\t\t\t\t\t\t<div class=\"elementor-container elementor-column-gap-default\">\n\t\t\t\t\t<div class=\"elementor-column elementor-col-100 elementor-top-column elementor-element elementor-element-7c8ef01\" data-id=\"7c8ef01\" data-element_type=\"column\" data-e-type=\"column\">\n\t\t\t<div class=\"elementor-widget-wrap elementor-element-populated\">\n\t\t\t\t\t\t<section class=\"elementor-section elementor-inner-section elementor-element elementor-element-7c6480e elementor-section-full_width elementor-section-height-default elementor-section-height-default\" data-id=\"7c6480e\" data-element_type=\"section\" data-e-type=\"section\" data-settings=\"{&quot;jet_parallax_layout_list&quot;:[{&quot;jet_parallax_layout_image&quot;:{&quot;url&quot;:&quot;&quot;,&quot;id&quot;:&quot;&quot;,&quot;size&quot;:&quot;&quot;},&quot;_id&quot;:&quot;cd6c98d&quot;,&quot;jet_parallax_layout_image_tablet&quot;:{&quot;url&quot;:&quot;&quot;,&quot;id&quot;:&quot;&quot;,&quot;size&quot;:&quot;&quot;},&quot;jet_parallax_layout_image_mobile&quot;:{&quot;url&quot;:&quot;&quot;,&quot;id&quot;:&quot;&quot;,&quot;size&quot;:&quot;&quot;},&quot;jet_parallax_layout_speed&quot;:{&quot;unit&quot;:&quot;%&quot;,&quot;size&quot;:50,&quot;sizes&quot;:[]},&quot;jet_parallax_layout_type&quot;:&quot;scroll&quot;,&quot;jet_parallax_layout_direction&quot;:&quot;1&quot;,&quot;jet_parallax_layout_fx_direction&quot;:null,&quot;jet_parallax_layout_z_index&quot;:&quot;&quot;,&quot;jet_parallax_layout_bg_x&quot;:50,&quot;jet_parallax_layout_bg_x_tablet&quot;:&quot;&quot;,&quot;jet_parallax_layout_bg_x_mobile&quot;:&quot;&quot;,&quot;jet_parallax_layout_bg_y&quot;:50,&quot;jet_parallax_layout_bg_y_tablet&quot;:&quot;&quot;,&quot;jet_parallax_layout_bg_y_mobile&quot;:&quot;&quot;,&quot;jet_parallax_layout_bg_size&quot;:&quot;auto&quot;,&quot;jet_parallax_layout_bg_size_tablet&quot;:&quot;&quot;,&quot;jet_parallax_layout_bg_size_mobile&quot;:&quot;&quot;,&quot;jet_parallax_layout_animation_prop&quot;:&quot;transform&quot;,&quot;jet_parallax_layout_on&quot;:[&quot;desktop&quot;,&quot;tablet&quot;]}]}\">\n\t\t\t\t\t\t<div class=\"elementor-container elementor-column-gap-default\">\n\t\t\t\t\t<div class=\"elementor-column elementor-col-100 elementor-inner-column elementor-element elementor-element-5cc36fb\" data-id=\"5cc36fb\" data-element_type=\"column\" data-e-type=\"column\">\n\t\t\t<div class=\"elementor-widget-wrap elementor-element-populated\">\n\t\t\t\t\t\t<div class=\"elementor-element elementor-element-f6a78d2 elementor-align-center elementor-widget__width-auto elementor-widget elementor-widget-raven-button\" data-id=\"f6a78d2\" data-element_type=\"widget\" data-e-type=\"widget\" data-settings=\"{&quot;turn_to_popup_action_button&quot;:&quot;no&quot;,&quot;htmega_fe&quot;:&quot;no&quot;}\" data-widget_type=\"raven-button.default\">\n\t\t\t\t<div class=\"elementor-widget-container\">\n\t\t\t\t\t\t\t<div class=\"raven-widget-wrapper\">\n\t\t\t<a class=\"raven-button raven-button-widget-normal-effect-none  raven-button-text-align-center raven-button-link elementor-animation-none\" href=\"https:\/\/vsptuj.si\/o-nas\/referat\/\">\t\t\t\t<div class=\"raven-button-overlay\" ><\/div>\n\t\t\t\t<span class=\"raven-button-content\">\n\t\t\t\t\t\n\t\t\t\t\t<div class=\"button-text-container\">\n\t\t\t\t\t\t\t\t\t\t\t\t<div class=\"raven-button-texts-wrapper\">\n\t\t\t\t\t\t\t<div class=\"button-text\">\n\t\t\t\t\t\t\t\t<span class=\"raven-button-text\">\n\t\t\t\t\t\t\t\t\tIma\u0161 vpra\u0161anja?\t\t\t\t\t\t\t\t<\/span>\n\t\t\t\t\t\t\t<\/div>\n\t\t\t\t\t\t\t\t\t\t\t\t\t<\/div>\n\t\t\t\t\t\t\t\t\t\t\t<\/div>\n\t\t\t\t\t\n\t\t\t\t\t\t\t\t\t<\/span>\n\t\t\t<\/a>\t\t<\/div>\n\t\t\t\t\t\t<\/div>\n\t\t\t\t<\/div>\n\t\t\t\t\t<\/div>\n\t\t<\/div>\n\t\t\t\t\t<\/div>\n\t\t<\/section>\n\t\t\t\t\t<\/div>\n\t\t<\/div>\n\t\t\t\t\t<\/div>\n\t\t<\/section>\n\t\t\t\t<\/div>\n\t\t","protected":false},"excerpt":{"rendered":"<p>Pogoji za vpis Home Pogoji z vpis v 1. letnik V visoko\u0161olski strokovni \u0161tudijski program Bionika v tehniki se lahko vpi\u0161e kdor je opravil: maturo, poklicno maturo, zaklju\u010dni izpit v kateremkoli \u0161tiriletnem srednje\u0161olskem izobra\u017eevanju. V primeru ve\u010djega \u0161tevila kandidatov od razpisanih vpisnih mest bo sprejet sklep o omejitvi vpisa, tako da bodo kandidati izbrani glede [&hellip;]<\/p>\n","protected":false},"author":2,"featured_media":0,"parent":1115,"menu_order":0,"comment_status":"closed","ping_status":"closed","template":"elementor_header_footer","meta":{"_acf_changed":false,"_eb_attr":"","inline_featured_image":false,"footnotes":""},"class_list":["post-1359","page","type-page","status-publish","hentry"],"acf":[],"yoast_head":"<!-- This site is optimized with the Yoast SEO plugin v27.5 - https:\/\/yoast.com\/product\/yoast-seo-wordpress\/ -->\n<title>Pogoji za vpis - Visoka \u0160ola na Ptuju<\/title>\n<meta name=\"robots\" content=\"index, follow, max-snippet:-1, max-image-preview:large, max-video-preview:-1\" \/>\n<link rel=\"canonical\" href=\"https:\/\/vsptuj.si\/sl\/studijski-program\/pogoji-za-vpis\/\" \/>\n<meta property=\"og:locale\" content=\"sl_SI\" \/>\n<meta property=\"og:type\" content=\"article\" \/>\n<meta property=\"og:title\" content=\"Pogoji za vpis - Visoka \u0160ola na Ptuju\" \/>\n<meta property=\"og:description\" content=\"Pogoji za vpis Home Pogoji z vpis v 1. letnik V visoko\u0161olski strokovni \u0161tudijski program Bionika v tehniki se lahko vpi\u0161e kdor je opravil: maturo, poklicno maturo, zaklju\u010dni izpit v kateremkoli \u0161tiriletnem srednje\u0161olskem izobra\u017eevanju. V primeru ve\u010djega \u0161tevila kandidatov od razpisanih vpisnih mest bo sprejet sklep o omejitvi vpisa, tako da bodo kandidati izbrani glede [&hellip;]\" \/>\n<meta property=\"og:url\" content=\"https:\/\/vsptuj.si\/sl\/studijski-program\/pogoji-za-vpis\/\" \/>\n<meta property=\"og:site_name\" content=\"Visoka \u0160ola na Ptuju\" \/>\n<meta property=\"article:modified_time\" content=\"2021-04-20T09:44:40+00:00\" \/>\n<meta name=\"twitter:card\" content=\"summary_large_image\" \/>\n<meta name=\"twitter:label1\" content=\"Est. reading time\" \/>\n\t<meta name=\"twitter:data1\" content=\"1 minuta\" \/>\n<script type=\"application\/ld+json\" class=\"yoast-schema-graph\">{\"@context\":\"https:\\\/\\\/schema.org\",\"@graph\":[{\"@type\":\"WebPage\",\"@id\":\"https:\\\/\\\/vsptuj.si\\\/studijski-program\\\/pogoji-za-vpis\\\/\",\"url\":\"https:\\\/\\\/vsptuj.si\\\/studijski-program\\\/pogoji-za-vpis\\\/\",\"name\":\"Pogoji za vpis - Visoka \u0160ola na Ptuju\",\"isPartOf\":{\"@id\":\"https:\\\/\\\/vsptuj.si\\\/#website\"},\"datePublished\":\"2021-03-10T15:42:00+00:00\",\"dateModified\":\"2021-04-20T09:44:40+00:00\",\"breadcrumb\":{\"@id\":\"https:\\\/\\\/vsptuj.si\\\/studijski-program\\\/pogoji-za-vpis\\\/#breadcrumb\"},\"inLanguage\":\"sl-SI\",\"potentialAction\":[{\"@type\":\"ReadAction\",\"target\":[\"https:\\\/\\\/vsptuj.si\\\/studijski-program\\\/pogoji-za-vpis\\\/\"]}]},{\"@type\":\"BreadcrumbList\",\"@id\":\"https:\\\/\\\/vsptuj.si\\\/studijski-program\\\/pogoji-za-vpis\\\/#breadcrumb\",\"itemListElement\":[{\"@type\":\"ListItem\",\"position\":1,\"name\":\"Home\",\"item\":\"https:\\\/\\\/vsptuj.si\\\/\"},{\"@type\":\"ListItem\",\"position\":2,\"name\":\"\u0160tudijski program\",\"item\":\"https:\\\/\\\/vsptuj.si\\\/studijski-program\\\/\"},{\"@type\":\"ListItem\",\"position\":3,\"name\":\"Pogoji za vpis\"}]},{\"@type\":\"WebSite\",\"@id\":\"https:\\\/\\\/vsptuj.si\\\/#website\",\"url\":\"https:\\\/\\\/vsptuj.si\\\/\",\"name\":\"Visoka \u0160ola na Ptuju\",\"description\":\"Bionika v tehniki\",\"potentialAction\":[{\"@type\":\"SearchAction\",\"target\":{\"@type\":\"EntryPoint\",\"urlTemplate\":\"https:\\\/\\\/vsptuj.si\\\/?s={search_term_string}\"},\"query-input\":{\"@type\":\"PropertyValueSpecification\",\"valueRequired\":true,\"valueName\":\"search_term_string\"}}],\"inLanguage\":\"sl-SI\"}]}<\/script>\n<!-- \/ Yoast SEO plugin. -->","yoast_head_json":{"title":"Pogoji za vpis - Visoka \u0160ola na Ptuju","robots":{"index":"index","follow":"follow","max-snippet":"max-snippet:-1","max-image-preview":"max-image-preview:large","max-video-preview":"max-video-preview:-1"},"canonical":"https:\/\/vsptuj.si\/sl\/studijski-program\/pogoji-za-vpis\/","og_locale":"sl_SI","og_type":"article","og_title":"Pogoji za vpis - Visoka \u0160ola na Ptuju","og_description":"Pogoji za vpis Home Pogoji z vpis v 1. letnik V visoko\u0161olski strokovni \u0161tudijski program Bionika v tehniki se lahko vpi\u0161e kdor je opravil: maturo, poklicno maturo, zaklju\u010dni izpit v kateremkoli \u0161tiriletnem srednje\u0161olskem izobra\u017eevanju. V primeru ve\u010djega \u0161tevila kandidatov od razpisanih vpisnih mest bo sprejet sklep o omejitvi vpisa, tako da bodo kandidati izbrani glede [&hellip;]","og_url":"https:\/\/vsptuj.si\/sl\/studijski-program\/pogoji-za-vpis\/","og_site_name":"Visoka \u0160ola na Ptuju","article_modified_time":"2021-04-20T09:44:40+00:00","twitter_card":"summary_large_image","twitter_misc":{"Est. reading time":"1 minuta"},"schema":{"@context":"https:\/\/schema.org","@graph":[{"@type":"WebPage","@id":"https:\/\/vsptuj.si\/studijski-program\/pogoji-za-vpis\/","url":"https:\/\/vsptuj.si\/studijski-program\/pogoji-za-vpis\/","name":"Pogoji za vpis - Visoka \u0160ola na Ptuju","isPartOf":{"@id":"https:\/\/vsptuj.si\/#website"},"datePublished":"2021-03-10T15:42:00+00:00","dateModified":"2021-04-20T09:44:40+00:00","breadcrumb":{"@id":"https:\/\/vsptuj.si\/studijski-program\/pogoji-za-vpis\/#breadcrumb"},"inLanguage":"sl-SI","potentialAction":[{"@type":"ReadAction","target":["https:\/\/vsptuj.si\/studijski-program\/pogoji-za-vpis\/"]}]},{"@type":"BreadcrumbList","@id":"https:\/\/vsptuj.si\/studijski-program\/pogoji-za-vpis\/#breadcrumb","itemListElement":[{"@type":"ListItem","position":1,"name":"Home","item":"https:\/\/vsptuj.si\/"},{"@type":"ListItem","position":2,"name":"\u0160tudijski program","item":"https:\/\/vsptuj.si\/studijski-program\/"},{"@type":"ListItem","position":3,"name":"Pogoji za vpis"}]},{"@type":"WebSite","@id":"https:\/\/vsptuj.si\/#website","url":"https:\/\/vsptuj.si\/","name":"Visoka \u0160ola na Ptuju","description":"Bionika v tehniki","potentialAction":[{"@type":"SearchAction","target":{"@type":"EntryPoint","urlTemplate":"https:\/\/vsptuj.si\/?s={search_term_string}"},"query-input":{"@type":"PropertyValueSpecification","valueRequired":true,"valueName":"search_term_string"}}],"inLanguage":"sl-SI"}]}},"_links":{"self":[{"href":"https:\/\/vsptuj.si\/sl\/wp-json\/wp\/v2\/pages\/1359","targetHints":{"allow":["GET"]}}],"collection":[{"href":"https:\/\/vsptuj.si\/sl\/wp-json\/wp\/v2\/pages"}],"about":[{"href":"https:\/\/vsptuj.si\/sl\/wp-json\/wp\/v2\/types\/page"}],"author":[{"embeddable":true,"href":"https:\/\/vsptuj.si\/sl\/wp-json\/wp\/v2\/users\/2"}],"replies":[{"embeddable":true,"href":"https:\/\/vsptuj.si\/sl\/wp-json\/wp\/v2\/comments?post=1359"}],"version-history":[{"count":28,"href":"https:\/\/vsptuj.si\/sl\/wp-json\/wp\/v2\/pages\/1359\/revisions"}],"predecessor-version":[{"id":2847,"href":"https:\/\/vsptuj.si\/sl\/wp-json\/wp\/v2\/pages\/1359\/revisions\/2847"}],"up":[{"embeddable":true,"href":"https:\/\/vsptuj.si\/sl\/wp-json\/wp\/v2\/pages\/1115"}],"wp:attachment":[{"href":"https:\/\/vsptuj.si\/sl\/wp-json\/wp\/v2\/media?parent=1359"}],"curies":[{"name":"wp","href":"https:\/\/api.w.org\/{rel}","templated":true}]}}